{"id":1533,"date":"2020-12-03T17:49:00","date_gmt":"2020-12-03T17:49:00","guid":{"rendered":"https:\/\/la-pe-pite-de-big-or.fr\/produit\/aigue-marine-3\/"},"modified":"2022-05-25T17:06:45","modified_gmt":"2022-05-25T17:06:45","slug":"aigue-marine-3","status":"publish","type":"product","link":"https:\/\/la-pe-pite-de-big-or.fr\/en\/product\/aigue-marine-3\/","title":{"rendered":"Black Schorl on Aquamarine"},"content":{"rendered":"<p>Very beautiful specimen of Aquamarine on which a black Tourmaline crystal (Schorl) grew. Exceptional piece for this deposit. Aquamarine is Biterminated. The Schorl crystal is not complete, but this sample is still excellent !<\/p>\n<p>\u2692 <strong>LOCATION<\/strong> : Kakamunurle Mine, Karur, Tamil Nadu, INDE<\/p>\n<p><strong>SIZES<\/strong> : HT 6,5 X L 2 X P 2 cm<\/p>\n<p><strong>WEIGHT<\/strong>\u00a0: 30 GR<\/p>\n<p>Aquamarine is a variety of Beryl of the Cyclosilicate class composed of Aluminum Silicate and Beryllium.<\/p>","protected":false},"excerpt":{"rendered":"<p>Very beautiful specimen of Aquamarine on which a black Tourmaline crystal (Schorl) grew. Exceptional piece for this deposit. Aquamarine is Biterminated. The Schorl crystal is not complete, but this sample is still excellent ! \u2692 LOCATION : Kakamunurle Mine, Karur, Tamil Nadu, INDE SIZES : HT 6,5 X L 2 X P 2 cm WEIGHT\u00a0: [&hellip;]<\/p>\n","protected":false},"featured_media":1385,"template":"","meta":[],"product_brand":[],"product_cat":[204,242,223,281,280,221],"product_tag":[206,205,279,278,28],"class_list":{"0":"post-1533","1":"product","2":"type-product","3":"status-publish","4":"has-post-thumbnail","6":"product_cat-aigue-marine","7":"product_cat-beryl-famille","8":"product_cat-mineraux-dinde","9":"product_cat-schorl-noire","10":"product_cat-tourmalines","11":"product_cat-8-silicates","12":"product_tag-aquamarine","13":"product_tag-gemme","14":"product_tag-schorl","15":"product_tag-tourmaline","16":"product_tag-inde","18":"first","19":"outofstock","20":"sale","21":"sold-individually","22":"purchasable","23":"product-type-simple"},"yoast_head":"<!-- This site is optimized with the Yoast SEO plugin v27.4 - https:\/\/yoast.com\/product\/yoast-seo-wordpress\/ -->\n<title>Black Schorl on Aquamarine<\/title>\n<meta name=\"description\" content=\"Le Cristal Lig\u00e9rien, boutique de Min\u00e9raux de collection Fran\u00e7ais et du monde entier. Les petits comme les gros budgets trouveront ici leurs tr\u00e9sors.\" \/>\n<meta name=\"robots\" content=\"index, follow, max-snippet:-1, max-image-preview:large, max-video-preview:-1\" \/>\n<link rel=\"canonical\" href=\"https:\/\/la-pe-pite-de-big-or.fr\/en\/produit\/aigue-marine-3\/\" \/>\n<meta property=\"og:locale\" content=\"en_GB\" \/>\n<meta property=\"og:locale:alternate\" content=\"fr_FR\" \/>\n<meta property=\"og:type\" content=\"article\" \/>\n<meta property=\"og:title\" content=\"Black Schorl on Aquamarine\" \/>\n<meta property=\"og:description\" content=\"Le Cristal Lig\u00e9rien, boutique de Min\u00e9raux de collection Fran\u00e7ais et du monde entier. Les petits comme les gros budgets trouveront ici leurs tr\u00e9sors.\" \/>\n<meta property=\"og:url\" content=\"https:\/\/la-pe-pite-de-big-or.fr\/en\/product\/aigue-marine-3\/\" \/>\n<meta property=\"og:site_name\" content=\"La P\u00e9-Pite de Big&#039;Or\" \/>\n<meta property=\"article:publisher\" content=\"https:\/\/www.facebook.com\/lecristalligerien\" \/>\n<meta property=\"article:modified_time\" content=\"2022-05-25T17:06:45+00:00\" \/>\n<meta property=\"og:image\" content=\"https:\/\/la-pe-pite-de-big-or.fr\/wp-content\/uploads\/2020\/10\/20201119_160637-scaled.jpg\" \/>\n\t<meta property=\"og:image:width\" content=\"2560\" \/>\n\t<meta property=\"og:image:height\" content=\"1920\" \/>\n\t<meta property=\"og:image:type\" content=\"image\/jpeg\" \/>\n<meta name=\"twitter:card\" content=\"summary_large_image\" \/>\n<meta name=\"twitter:label1\" content=\"Estimated reading time\" \/>\n\t<meta name=\"twitter:data1\" content=\"1 minute\" \/>\n<script type=\"application\/ld+json\" class=\"yoast-schema-graph\">{\"@context\":\"https:\\\/\\\/schema.org\",\"@graph\":[{\"@type\":\"WebPage\",\"@id\":\"https:\\\/\\\/la-pe-pite-de-big-or.fr\\\/produit\\\/aigue-marine-3\\\/\",\"url\":\"https:\\\/\\\/la-pe-pite-de-big-or.fr\\\/produit\\\/aigue-marine-3\\\/\",\"name\":\"Black Schorl on Aquamarine\",\"isPartOf\":{\"@id\":\"https:\\\/\\\/la-pe-pite-de-big-or.fr\\\/#website\"},\"primaryImageOfPage\":{\"@id\":\"https:\\\/\\\/la-pe-pite-de-big-or.fr\\\/produit\\\/aigue-marine-3\\\/#primaryimage\"},\"image\":{\"@id\":\"https:\\\/\\\/la-pe-pite-de-big-or.fr\\\/produit\\\/aigue-marine-3\\\/#primaryimage\"},\"thumbnailUrl\":\"https:\\\/\\\/la-pe-pite-de-big-or.fr\\\/wp-content\\\/uploads\\\/2020\\\/10\\\/20201119_160637-scaled.jpg\",\"datePublished\":\"2020-12-03T17:49:00+00:00\",\"dateModified\":\"2022-05-25T17:06:45+00:00\",\"description\":\"Le Cristal Lig\u00e9rien, boutique de Min\u00e9raux de collection Fran\u00e7ais et du monde entier. Les petits comme les gros budgets trouveront ici leurs tr\u00e9sors.\",\"breadcrumb\":{\"@id\":\"https:\\\/\\\/la-pe-pite-de-big-or.fr\\\/produit\\\/aigue-marine-3\\\/#breadcrumb\"},\"inLanguage\":\"en-GB\",\"potentialAction\":[{\"@type\":\"ReadAction\",\"target\":[\"https:\\\/\\\/la-pe-pite-de-big-or.fr\\\/produit\\\/aigue-marine-3\\\/\"]}]},{\"@type\":\"ImageObject\",\"inLanguage\":\"en-GB\",\"@id\":\"https:\\\/\\\/la-pe-pite-de-big-or.fr\\\/produit\\\/aigue-marine-3\\\/#primaryimage\",\"url\":\"https:\\\/\\\/la-pe-pite-de-big-or.fr\\\/wp-content\\\/uploads\\\/2020\\\/10\\\/20201119_160637-scaled.jpg\",\"contentUrl\":\"https:\\\/\\\/la-pe-pite-de-big-or.fr\\\/wp-content\\\/uploads\\\/2020\\\/10\\\/20201119_160637-scaled.jpg\",\"width\":2560,\"height\":1920},{\"@type\":\"BreadcrumbList\",\"@id\":\"https:\\\/\\\/la-pe-pite-de-big-or.fr\\\/produit\\\/aigue-marine-3\\\/#breadcrumb\",\"itemListElement\":[{\"@type\":\"ListItem\",\"position\":1,\"name\":\"Accueil\",\"item\":\"https:\\\/\\\/la-pe-pite-de-big-or.fr\\\/\"},{\"@type\":\"ListItem\",\"position\":2,\"name\":\"Boutique\",\"item\":\"https:\\\/\\\/la-pe-pite-de-big-or.fr\\\/boutique\\\/\"},{\"@type\":\"ListItem\",\"position\":3,\"name\":\"Tourmaline Noire sur Aigue-Marine\"}]},{\"@type\":\"WebSite\",\"@id\":\"https:\\\/\\\/la-pe-pite-de-big-or.fr\\\/#website\",\"url\":\"https:\\\/\\\/la-pe-pite-de-big-or.fr\\\/\",\"name\":\"La P\u00e9-Pite de Big'Or\",\"description\":\"Quality mineralogy for everyone !\",\"publisher\":{\"@id\":\"https:\\\/\\\/la-pe-pite-de-big-or.fr\\\/#organization\"},\"potentialAction\":[{\"@type\":\"SearchAction\",\"target\":{\"@type\":\"EntryPoint\",\"urlTemplate\":\"https:\\\/\\\/la-pe-pite-de-big-or.fr\\\/?s={search_term_string}\"},\"query-input\":{\"@type\":\"PropertyValueSpecification\",\"valueRequired\":true,\"valueName\":\"search_term_string\"}}],\"inLanguage\":\"en-GB\"},{\"@type\":\"Organization\",\"@id\":\"https:\\\/\\\/la-pe-pite-de-big-or.fr\\\/#organization\",\"name\":\"Le Cristal Lig\u00e9rien\",\"url\":\"https:\\\/\\\/la-pe-pite-de-big-or.fr\\\/\",\"logo\":{\"@type\":\"ImageObject\",\"inLanguage\":\"en-GB\",\"@id\":\"https:\\\/\\\/la-pe-pite-de-big-or.fr\\\/#\\\/schema\\\/logo\\\/image\\\/\",\"url\":\"https:\\\/\\\/la-pe-pite-de-big-or.fr\\\/wp-content\\\/uploads\\\/2020\\\/10\\\/1-e1602017113481.png\",\"contentUrl\":\"https:\\\/\\\/la-pe-pite-de-big-or.fr\\\/wp-content\\\/uploads\\\/2020\\\/10\\\/1-e1602017113481.png\",\"width\":1444,\"height\":938,\"caption\":\"Le Cristal Lig\u00e9rien\"},\"image\":{\"@id\":\"https:\\\/\\\/la-pe-pite-de-big-or.fr\\\/#\\\/schema\\\/logo\\\/image\\\/\"},\"sameAs\":[\"https:\\\/\\\/www.facebook.com\\\/lecristalligerien\"]}]}<\/script>\n<!-- \/ Yoast SEO plugin. -->","yoast_head_json":{"title":"Black Schorl on Aquamarine","description":"Le Cristal Lig\u00e9rien, boutique de Min\u00e9raux de collection Fran\u00e7ais et du monde entier. Les petits comme les gros budgets trouveront ici leurs tr\u00e9sors.","robots":{"index":"index","follow":"follow","max-snippet":"max-snippet:-1","max-image-preview":"max-image-preview:large","max-video-preview":"max-video-preview:-1"},"canonical":"https:\/\/la-pe-pite-de-big-or.fr\/en\/produit\/aigue-marine-3\/","og_locale":"en_GB","og_type":"article","og_title":"[:fr]Tourmaline Noire sur Aigue-Marine[:en]Black Schorl on Aquamarine[:] - La P\u00e9-Pite de Big'Or","og_description":"Le Cristal Lig\u00e9rien, boutique de Min\u00e9raux de collection Fran\u00e7ais et du monde entier. Les petits comme les gros budgets trouveront ici leurs tr\u00e9sors.","og_url":"https:\/\/la-pe-pite-de-big-or.fr\/en\/product\/aigue-marine-3\/","og_site_name":"La P\u00e9-Pite de Big'Or","article_publisher":"https:\/\/www.facebook.com\/lecristalligerien","article_modified_time":"2022-05-25T17:06:45+00:00","og_image":[{"width":2560,"height":1920,"url":"https:\/\/la-pe-pite-de-big-or.fr\/wp-content\/uploads\/2020\/10\/20201119_160637-scaled.jpg","type":"image\/jpeg"}],"twitter_card":"summary_large_image","twitter_misc":{"Estimated reading time":"1 minute"},"schema":{"@context":"https:\/\/schema.org","@graph":[{"@type":"WebPage","@id":"https:\/\/la-pe-pite-de-big-or.fr\/produit\/aigue-marine-3\/","url":"https:\/\/la-pe-pite-de-big-or.fr\/produit\/aigue-marine-3\/","name":"Black Schorl on Aquamarine","isPartOf":{"@id":"https:\/\/la-pe-pite-de-big-or.fr\/#website"},"primaryImageOfPage":{"@id":"https:\/\/la-pe-pite-de-big-or.fr\/produit\/aigue-marine-3\/#primaryimage"},"image":{"@id":"https:\/\/la-pe-pite-de-big-or.fr\/produit\/aigue-marine-3\/#primaryimage"},"thumbnailUrl":"https:\/\/la-pe-pite-de-big-or.fr\/wp-content\/uploads\/2020\/10\/20201119_160637-scaled.jpg","datePublished":"2020-12-03T17:49:00+00:00","dateModified":"2022-05-25T17:06:45+00:00","description":"Le Cristal Lig\u00e9rien, boutique de Min\u00e9raux de collection Fran\u00e7ais et du monde entier. Les petits comme les gros budgets trouveront ici leurs tr\u00e9sors.","breadcrumb":{"@id":"https:\/\/la-pe-pite-de-big-or.fr\/produit\/aigue-marine-3\/#breadcrumb"},"inLanguage":"en-GB","potentialAction":[{"@type":"ReadAction","target":["https:\/\/la-pe-pite-de-big-or.fr\/produit\/aigue-marine-3\/"]}]},{"@type":"ImageObject","inLanguage":"en-GB","@id":"https:\/\/la-pe-pite-de-big-or.fr\/produit\/aigue-marine-3\/#primaryimage","url":"https:\/\/la-pe-pite-de-big-or.fr\/wp-content\/uploads\/2020\/10\/20201119_160637-scaled.jpg","contentUrl":"https:\/\/la-pe-pite-de-big-or.fr\/wp-content\/uploads\/2020\/10\/20201119_160637-scaled.jpg","width":2560,"height":1920},{"@type":"BreadcrumbList","@id":"https:\/\/la-pe-pite-de-big-or.fr\/produit\/aigue-marine-3\/#breadcrumb","itemListElement":[{"@type":"ListItem","position":1,"name":"Accueil","item":"https:\/\/la-pe-pite-de-big-or.fr\/"},{"@type":"ListItem","position":2,"name":"Boutique","item":"https:\/\/la-pe-pite-de-big-or.fr\/boutique\/"},{"@type":"ListItem","position":3,"name":"Tourmaline Noire sur Aigue-Marine"}]},{"@type":"WebSite","@id":"https:\/\/la-pe-pite-de-big-or.fr\/#website","url":"https:\/\/la-pe-pite-de-big-or.fr\/","name":"La P\u00e9-Pite de Big'Or","description":"Quality mineralogy for everyone !","publisher":{"@id":"https:\/\/la-pe-pite-de-big-or.fr\/#organization"},"potentialAction":[{"@type":"SearchAction","target":{"@type":"EntryPoint","urlTemplate":"https:\/\/la-pe-pite-de-big-or.fr\/?s={search_term_string}"},"query-input":{"@type":"PropertyValueSpecification","valueRequired":true,"valueName":"search_term_string"}}],"inLanguage":"en-GB"},{"@type":"Organization","@id":"https:\/\/la-pe-pite-de-big-or.fr\/#organization","name":"Le Cristal Lig\u00e9rien","url":"https:\/\/la-pe-pite-de-big-or.fr\/","logo":{"@type":"ImageObject","inLanguage":"en-GB","@id":"https:\/\/la-pe-pite-de-big-or.fr\/#\/schema\/logo\/image\/","url":"https:\/\/la-pe-pite-de-big-or.fr\/wp-content\/uploads\/2020\/10\/1-e1602017113481.png","contentUrl":"https:\/\/la-pe-pite-de-big-or.fr\/wp-content\/uploads\/2020\/10\/1-e1602017113481.png","width":1444,"height":938,"caption":"Le Cristal Lig\u00e9rien"},"image":{"@id":"https:\/\/la-pe-pite-de-big-or.fr\/#\/schema\/logo\/image\/"},"sameAs":["https:\/\/www.facebook.com\/lecristalligerien"]}]}},"jetpack_sharing_enabled":true,"_links":{"self":[{"href":"https:\/\/la-pe-pite-de-big-or.fr\/en\/wp-json\/wp\/v2\/product\/1533","targetHints":{"allow":["GET"]}}],"collection":[{"href":"https:\/\/la-pe-pite-de-big-or.fr\/en\/wp-json\/wp\/v2\/product"}],"about":[{"href":"https:\/\/la-pe-pite-de-big-or.fr\/en\/wp-json\/wp\/v2\/types\/product"}],"wp:featuredmedia":[{"embeddable":true,"href":"https:\/\/la-pe-pite-de-big-or.fr\/en\/wp-json\/wp\/v2\/media\/1385"}],"wp:attachment":[{"href":"https:\/\/la-pe-pite-de-big-or.fr\/en\/wp-json\/wp\/v2\/media?parent=1533"}],"wp:term":[{"taxonomy":"product_brand","embeddable":true,"href":"https:\/\/la-pe-pite-de-big-or.fr\/en\/wp-json\/wp\/v2\/product_brand?post=1533"},{"taxonomy":"product_cat","embeddable":true,"href":"https:\/\/la-pe-pite-de-big-or.fr\/en\/wp-json\/wp\/v2\/product_cat?post=1533"},{"taxonomy":"product_tag","embeddable":true,"href":"https:\/\/la-pe-pite-de-big-or.fr\/en\/wp-json\/wp\/v2\/product_tag?post=1533"}],"curies":[{"name":"wp","href":"https:\/\/api.w.org\/{rel}","templated":true}]}}