{"id":1797,"date":"2020-12-03T17:49:00","date_gmt":"2020-12-03T17:49:00","guid":{"rendered":"https:\/\/la-pe-pite-de-big-or.fr\/produit\/amethyste-sceptre\/"},"modified":"2024-07-02T14:25:15","modified_gmt":"2024-07-02T12:25:15","slug":"amethyste-sceptre","status":"publish","type":"product","link":"https:\/\/la-pe-pite-de-big-or.fr\/en\/product\/amethyste-sceptre\/","title":{"rendered":"Ghost Amethyst Scepter double-pointed and Muscovite"},"content":{"rendered":"<p>Exceptional multi-centimeter Amethyst Sceptre which are only rarely found on this site. Its size makes this specimen an exceptional piece. Note a break on one of the facets between the two tips.<\/p>\n<p>\u2692 <strong>LOCATION<\/strong> : Kakamunurle Mine, Karur, Tamil Nadu, INDE<\/p>\n<p><strong>SIZES<\/strong> : HT 6,5 X L 3 X P 2,5 cm<\/p>\n<p><strong>WEIGHT<\/strong>\u00a0: 45 GR<\/p>\n<p>Amethyst is a Silicate, a variety of Quartz, whose more or less intense purple color is due to the presence of iron. Its crystalline system is trigonal.<\/p>","protected":false},"excerpt":{"rendered":"<p>Exceptional multi-centimeter Amethyst Sceptre which are only rarely found on this site. Its size makes this specimen an exceptional piece. Note a break on one of the facets between the two tips. \u2692 LOCATION : Kakamunurle Mine, Karur, Tamil Nadu, INDE SIZES : HT 6,5 X L 3 X P 2,5 cm WEIGHT\u00a0: 45 GR [&hellip;]<\/p>\n","protected":false},"featured_media":1798,"template":"","meta":[],"product_brand":[],"product_cat":[223,212,31,221,22],"product_tag":[258,314,32,28],"class_list":{"0":"post-1797","1":"product","2":"type-product","3":"status-publish","4":"has-post-thumbnail","6":"product_cat-mineraux-dinde","7":"product_cat-promo","8":"product_cat-quartz","9":"product_cat-8-silicates","10":"product_cat-amethyste","11":"product_tag-kakamunurle","12":"product_tag-sceptre","13":"product_tag-amethyste","14":"product_tag-inde","16":"first","17":"instock","18":"sale","19":"purchasable","20":"product-type-simple"},"yoast_head":"<!-- This site is optimized with the Yoast SEO plugin v27.4 - https:\/\/yoast.com\/product\/yoast-seo-wordpress\/ -->\n<title>Ghost Amethyst Scepter double-pointed and Muscovite<\/title>\n<meta name=\"description\" content=\"Le Cristal Lig\u00e9rien, boutique de Min\u00e9raux de collection Fran\u00e7ais et du monde entier. Les petits comme les gros budgets trouveront ici leurs tr\u00e9sors.\" \/>\n<meta name=\"robots\" content=\"index, follow, max-snippet:-1, max-image-preview:large, max-video-preview:-1\" \/>\n<link rel=\"canonical\" href=\"https:\/\/la-pe-pite-de-big-or.fr\/en\/produit\/amethyste-sceptre\/\" \/>\n<meta property=\"og:locale\" content=\"en_GB\" \/>\n<meta property=\"og:locale:alternate\" content=\"fr_FR\" \/>\n<meta property=\"og:type\" content=\"article\" \/>\n<meta property=\"og:title\" content=\"Ghost Amethyst Scepter double-pointed and Muscovite\" \/>\n<meta property=\"og:description\" content=\"Le Cristal Lig\u00e9rien, boutique de Min\u00e9raux de collection Fran\u00e7ais et du monde entier. Les petits comme les gros budgets trouveront ici leurs tr\u00e9sors.\" \/>\n<meta property=\"og:url\" content=\"https:\/\/la-pe-pite-de-big-or.fr\/en\/product\/amethyste-sceptre\/\" \/>\n<meta property=\"og:site_name\" content=\"La P\u00e9-Pite de Big&#039;Or\" \/>\n<meta property=\"article:publisher\" content=\"https:\/\/www.facebook.com\/lecristalligerien\" \/>\n<meta property=\"article:modified_time\" content=\"2024-07-02T12:25:15+00:00\" \/>\n<meta property=\"og:image\" content=\"https:\/\/la-pe-pite-de-big-or.fr\/wp-content\/uploads\/2020\/12\/20201101_233729-scaled.jpg\" \/>\n\t<meta property=\"og:image:width\" content=\"1440\" \/>\n\t<meta property=\"og:image:height\" content=\"2560\" \/>\n\t<meta property=\"og:image:type\" content=\"image\/jpeg\" \/>\n<meta name=\"twitter:card\" content=\"summary_large_image\" \/>\n<meta name=\"twitter:label1\" content=\"Estimated reading time\" \/>\n\t<meta name=\"twitter:data1\" content=\"1 minute\" \/>\n<script type=\"application\/ld+json\" class=\"yoast-schema-graph\">{\"@context\":\"https:\\\/\\\/schema.org\",\"@graph\":[{\"@type\":\"WebPage\",\"@id\":\"https:\\\/\\\/la-pe-pite-de-big-or.fr\\\/produit\\\/amethyste-sceptre\\\/\",\"url\":\"https:\\\/\\\/la-pe-pite-de-big-or.fr\\\/produit\\\/amethyste-sceptre\\\/\",\"name\":\"Ghost Amethyst Scepter double-pointed and Muscovite\",\"isPartOf\":{\"@id\":\"https:\\\/\\\/la-pe-pite-de-big-or.fr\\\/#website\"},\"primaryImageOfPage\":{\"@id\":\"https:\\\/\\\/la-pe-pite-de-big-or.fr\\\/produit\\\/amethyste-sceptre\\\/#primaryimage\"},\"image\":{\"@id\":\"https:\\\/\\\/la-pe-pite-de-big-or.fr\\\/produit\\\/amethyste-sceptre\\\/#primaryimage\"},\"thumbnailUrl\":\"https:\\\/\\\/la-pe-pite-de-big-or.fr\\\/wp-content\\\/uploads\\\/2020\\\/12\\\/20201101_233729-scaled.jpg\",\"datePublished\":\"2020-12-03T17:49:00+00:00\",\"dateModified\":\"2024-07-02T12:25:15+00:00\",\"description\":\"Le Cristal Lig\u00e9rien, boutique de Min\u00e9raux de collection Fran\u00e7ais et du monde entier. Les petits comme les gros budgets trouveront ici leurs tr\u00e9sors.\",\"breadcrumb\":{\"@id\":\"https:\\\/\\\/la-pe-pite-de-big-or.fr\\\/produit\\\/amethyste-sceptre\\\/#breadcrumb\"},\"inLanguage\":\"en-GB\",\"potentialAction\":[{\"@type\":\"ReadAction\",\"target\":[\"https:\\\/\\\/la-pe-pite-de-big-or.fr\\\/produit\\\/amethyste-sceptre\\\/\"]}]},{\"@type\":\"ImageObject\",\"inLanguage\":\"en-GB\",\"@id\":\"https:\\\/\\\/la-pe-pite-de-big-or.fr\\\/produit\\\/amethyste-sceptre\\\/#primaryimage\",\"url\":\"https:\\\/\\\/la-pe-pite-de-big-or.fr\\\/wp-content\\\/uploads\\\/2020\\\/12\\\/20201101_233729-scaled.jpg\",\"contentUrl\":\"https:\\\/\\\/la-pe-pite-de-big-or.fr\\\/wp-content\\\/uploads\\\/2020\\\/12\\\/20201101_233729-scaled.jpg\",\"width\":1440,\"height\":2560},{\"@type\":\"BreadcrumbList\",\"@id\":\"https:\\\/\\\/la-pe-pite-de-big-or.fr\\\/produit\\\/amethyste-sceptre\\\/#breadcrumb\",\"itemListElement\":[{\"@type\":\"ListItem\",\"position\":1,\"name\":\"Accueil\",\"item\":\"https:\\\/\\\/la-pe-pite-de-big-or.fr\\\/\"},{\"@type\":\"ListItem\",\"position\":2,\"name\":\"Boutique\",\"item\":\"https:\\\/\\\/la-pe-pite-de-big-or.fr\\\/boutique\\\/\"},{\"@type\":\"ListItem\",\"position\":3,\"name\":\"Sceptre Am\u00e9thyste Fant\u00f4me double pointe et Muscovite\"}]},{\"@type\":\"WebSite\",\"@id\":\"https:\\\/\\\/la-pe-pite-de-big-or.fr\\\/#website\",\"url\":\"https:\\\/\\\/la-pe-pite-de-big-or.fr\\\/\",\"name\":\"La P\u00e9-Pite de Big'Or\",\"description\":\"Quality mineralogy for everyone !\",\"publisher\":{\"@id\":\"https:\\\/\\\/la-pe-pite-de-big-or.fr\\\/#organization\"},\"potentialAction\":[{\"@type\":\"SearchAction\",\"target\":{\"@type\":\"EntryPoint\",\"urlTemplate\":\"https:\\\/\\\/la-pe-pite-de-big-or.fr\\\/?s={search_term_string}\"},\"query-input\":{\"@type\":\"PropertyValueSpecification\",\"valueRequired\":true,\"valueName\":\"search_term_string\"}}],\"inLanguage\":\"en-GB\"},{\"@type\":\"Organization\",\"@id\":\"https:\\\/\\\/la-pe-pite-de-big-or.fr\\\/#organization\",\"name\":\"Le Cristal Lig\u00e9rien\",\"url\":\"https:\\\/\\\/la-pe-pite-de-big-or.fr\\\/\",\"logo\":{\"@type\":\"ImageObject\",\"inLanguage\":\"en-GB\",\"@id\":\"https:\\\/\\\/la-pe-pite-de-big-or.fr\\\/#\\\/schema\\\/logo\\\/image\\\/\",\"url\":\"https:\\\/\\\/la-pe-pite-de-big-or.fr\\\/wp-content\\\/uploads\\\/2020\\\/10\\\/1-e1602017113481.png\",\"contentUrl\":\"https:\\\/\\\/la-pe-pite-de-big-or.fr\\\/wp-content\\\/uploads\\\/2020\\\/10\\\/1-e1602017113481.png\",\"width\":1444,\"height\":938,\"caption\":\"Le Cristal Lig\u00e9rien\"},\"image\":{\"@id\":\"https:\\\/\\\/la-pe-pite-de-big-or.fr\\\/#\\\/schema\\\/logo\\\/image\\\/\"},\"sameAs\":[\"https:\\\/\\\/www.facebook.com\\\/lecristalligerien\"]}]}<\/script>\n<!-- \/ Yoast SEO plugin. -->","yoast_head_json":{"title":"Ghost Amethyst Scepter double-pointed and Muscovite","description":"Le Cristal Lig\u00e9rien, boutique de Min\u00e9raux de collection Fran\u00e7ais et du monde entier. Les petits comme les gros budgets trouveront ici leurs tr\u00e9sors.","robots":{"index":"index","follow":"follow","max-snippet":"max-snippet:-1","max-image-preview":"max-image-preview:large","max-video-preview":"max-video-preview:-1"},"canonical":"https:\/\/la-pe-pite-de-big-or.fr\/en\/produit\/amethyste-sceptre\/","og_locale":"en_GB","og_type":"article","og_title":"[:fr]Sceptre Am\u00e9thyste Fant\u00f4me double pointe et Muscovite[:en]Ghost Amethyst Scepter double-pointed and Muscovite[:] - La P\u00e9-Pite de Big'Or","og_description":"Le Cristal Lig\u00e9rien, boutique de Min\u00e9raux de collection Fran\u00e7ais et du monde entier. Les petits comme les gros budgets trouveront ici leurs tr\u00e9sors.","og_url":"https:\/\/la-pe-pite-de-big-or.fr\/en\/product\/amethyste-sceptre\/","og_site_name":"La P\u00e9-Pite de Big'Or","article_publisher":"https:\/\/www.facebook.com\/lecristalligerien","article_modified_time":"2024-07-02T12:25:15+00:00","og_image":[{"width":1440,"height":2560,"url":"https:\/\/la-pe-pite-de-big-or.fr\/wp-content\/uploads\/2020\/12\/20201101_233729-scaled.jpg","type":"image\/jpeg"}],"twitter_card":"summary_large_image","twitter_misc":{"Estimated reading time":"1 minute"},"schema":{"@context":"https:\/\/schema.org","@graph":[{"@type":"WebPage","@id":"https:\/\/la-pe-pite-de-big-or.fr\/produit\/amethyste-sceptre\/","url":"https:\/\/la-pe-pite-de-big-or.fr\/produit\/amethyste-sceptre\/","name":"Ghost Amethyst Scepter double-pointed and Muscovite","isPartOf":{"@id":"https:\/\/la-pe-pite-de-big-or.fr\/#website"},"primaryImageOfPage":{"@id":"https:\/\/la-pe-pite-de-big-or.fr\/produit\/amethyste-sceptre\/#primaryimage"},"image":{"@id":"https:\/\/la-pe-pite-de-big-or.fr\/produit\/amethyste-sceptre\/#primaryimage"},"thumbnailUrl":"https:\/\/la-pe-pite-de-big-or.fr\/wp-content\/uploads\/2020\/12\/20201101_233729-scaled.jpg","datePublished":"2020-12-03T17:49:00+00:00","dateModified":"2024-07-02T12:25:15+00:00","description":"Le Cristal Lig\u00e9rien, boutique de Min\u00e9raux de collection Fran\u00e7ais et du monde entier. Les petits comme les gros budgets trouveront ici leurs tr\u00e9sors.","breadcrumb":{"@id":"https:\/\/la-pe-pite-de-big-or.fr\/produit\/amethyste-sceptre\/#breadcrumb"},"inLanguage":"en-GB","potentialAction":[{"@type":"ReadAction","target":["https:\/\/la-pe-pite-de-big-or.fr\/produit\/amethyste-sceptre\/"]}]},{"@type":"ImageObject","inLanguage":"en-GB","@id":"https:\/\/la-pe-pite-de-big-or.fr\/produit\/amethyste-sceptre\/#primaryimage","url":"https:\/\/la-pe-pite-de-big-or.fr\/wp-content\/uploads\/2020\/12\/20201101_233729-scaled.jpg","contentUrl":"https:\/\/la-pe-pite-de-big-or.fr\/wp-content\/uploads\/2020\/12\/20201101_233729-scaled.jpg","width":1440,"height":2560},{"@type":"BreadcrumbList","@id":"https:\/\/la-pe-pite-de-big-or.fr\/produit\/amethyste-sceptre\/#breadcrumb","itemListElement":[{"@type":"ListItem","position":1,"name":"Accueil","item":"https:\/\/la-pe-pite-de-big-or.fr\/"},{"@type":"ListItem","position":2,"name":"Boutique","item":"https:\/\/la-pe-pite-de-big-or.fr\/boutique\/"},{"@type":"ListItem","position":3,"name":"Sceptre Am\u00e9thyste Fant\u00f4me double pointe et Muscovite"}]},{"@type":"WebSite","@id":"https:\/\/la-pe-pite-de-big-or.fr\/#website","url":"https:\/\/la-pe-pite-de-big-or.fr\/","name":"La P\u00e9-Pite de Big'Or","description":"Quality mineralogy for everyone !","publisher":{"@id":"https:\/\/la-pe-pite-de-big-or.fr\/#organization"},"potentialAction":[{"@type":"SearchAction","target":{"@type":"EntryPoint","urlTemplate":"https:\/\/la-pe-pite-de-big-or.fr\/?s={search_term_string}"},"query-input":{"@type":"PropertyValueSpecification","valueRequired":true,"valueName":"search_term_string"}}],"inLanguage":"en-GB"},{"@type":"Organization","@id":"https:\/\/la-pe-pite-de-big-or.fr\/#organization","name":"Le Cristal Lig\u00e9rien","url":"https:\/\/la-pe-pite-de-big-or.fr\/","logo":{"@type":"ImageObject","inLanguage":"en-GB","@id":"https:\/\/la-pe-pite-de-big-or.fr\/#\/schema\/logo\/image\/","url":"https:\/\/la-pe-pite-de-big-or.fr\/wp-content\/uploads\/2020\/10\/1-e1602017113481.png","contentUrl":"https:\/\/la-pe-pite-de-big-or.fr\/wp-content\/uploads\/2020\/10\/1-e1602017113481.png","width":1444,"height":938,"caption":"Le Cristal Lig\u00e9rien"},"image":{"@id":"https:\/\/la-pe-pite-de-big-or.fr\/#\/schema\/logo\/image\/"},"sameAs":["https:\/\/www.facebook.com\/lecristalligerien"]}]}},"jetpack_sharing_enabled":true,"_links":{"self":[{"href":"https:\/\/la-pe-pite-de-big-or.fr\/en\/wp-json\/wp\/v2\/product\/1797","targetHints":{"allow":["GET"]}}],"collection":[{"href":"https:\/\/la-pe-pite-de-big-or.fr\/en\/wp-json\/wp\/v2\/product"}],"about":[{"href":"https:\/\/la-pe-pite-de-big-or.fr\/en\/wp-json\/wp\/v2\/types\/product"}],"wp:featuredmedia":[{"embeddable":true,"href":"https:\/\/la-pe-pite-de-big-or.fr\/en\/wp-json\/wp\/v2\/media\/1798"}],"wp:attachment":[{"href":"https:\/\/la-pe-pite-de-big-or.fr\/en\/wp-json\/wp\/v2\/media?parent=1797"}],"wp:term":[{"taxonomy":"product_brand","embeddable":true,"href":"https:\/\/la-pe-pite-de-big-or.fr\/en\/wp-json\/wp\/v2\/product_brand?post=1797"},{"taxonomy":"product_cat","embeddable":true,"href":"https:\/\/la-pe-pite-de-big-or.fr\/en\/wp-json\/wp\/v2\/product_cat?post=1797"},{"taxonomy":"product_tag","embeddable":true,"href":"https:\/\/la-pe-pite-de-big-or.fr\/en\/wp-json\/wp\/v2\/product_tag?post=1797"}],"curies":[{"name":"wp","href":"https:\/\/api.w.org\/{rel}","templated":true}]}}