{"id":1898,"date":"2021-03-13T14:48:31","date_gmt":"2021-03-13T14:48:31","guid":{"rendered":"https:\/\/la-pe-pite-de-big-or.fr\/?post_type=product&#038;p=1898"},"modified":"2021-12-15T20:13:02","modified_gmt":"2021-12-15T20:13:02","slug":"chrysocolle-sur-malachite-mine-de-l-etoile-lubumbashi-katanga-congo","status":"publish","type":"product","link":"https:\/\/la-pe-pite-de-big-or.fr\/en\/product\/chrysocolle-sur-malachite-mine-de-l-etoile-lubumbashi-katanga-congo\/","title":{"rendered":"Chrysocolle on Malachite &#8211; Mine de l&rsquo;Etoile, Lubumbashi, Katanga, CONGO"},"content":{"rendered":"<p><strong>Piece of heart that this magnificent Crystallization of Chrysocolle on Malachite from the famous deposit of the Mine de l&rsquo;Etoile in Congo.<\/strong><\/p>\n<p>This Chrysocolla piece is very cute and very interesting mineralogically. On this specimen, you can see the secondary crystallization of Chrysocolla on Malachite. The contrast is really nice. TOP colour !!!<\/p>\n<p>\u26cf\ufe0f\u00a0<strong>LOCATION :<\/strong> Mine de l&rsquo;Etoile, Lubumbashi, Katanga, CONGO<\/p>\n<p><strong>SIZES :<\/strong> HT 13 X L 9 X P 2,5 cm<\/p>\n<p><strong>WEIGHT :<\/strong>\u00a0GR<\/p>\n<p>The Chrysocolla is part of the great family of Copper minerals giving it this magnificent Blue color. It is therefore a Copper Hydroxide Silicate.<\/p>\n<p>Malachite, another Copper mineral crystallized here in nipples, is thus covered by the Chrysocolla, it is thus a Perimorphosis (P\u00e9ri = around).<\/p>\n<p><iframe loading=\"lazy\" src=\"https:\/\/player.vimeo.com\/video\/641952707?h=102bad40f4&amp;dnt=1&amp;app_id=122963\" width=\"980\" height=\"735\" frameborder=\"0\" allow=\"autoplay; fullscreen; picture-in-picture\" allowfullscreen><\/iframe><\/p>","protected":false},"excerpt":{"rendered":"<p>Piece of heart that this magnificent Crystallization of Chrysocolle on Malachite from the famous deposit of the Mine de l&rsquo;Etoile in Congo. This Chrysocolla piece is very cute and very interesting mineralogically. On this specimen, you can see the secondary crystallization of Chrysocolla on Malachite. The contrast is really nice. TOP colour !!! \u26cf\ufe0f\u00a0LOCATION : [&hellip;]<\/p>\n","protected":false},"featured_media":2041,"template":"","meta":[],"product_brand":[],"product_cat":[315,316,239,249,221],"product_tag":[270,271,41],"class_list":{"0":"post-1898","1":"product","2":"type-product","3":"status-publish","4":"has-post-thumbnail","6":"product_cat-chrysocolle","7":"product_cat-malachite","8":"product_cat-mineraux-du-congo","9":"product_cat-nouveautes","10":"product_cat-8-silicates","11":"product_tag-chrysocolle","12":"product_tag-congo","13":"product_tag-malachite","15":"first","16":"outofstock","17":"featured","18":"sold-individually","19":"shipping-taxable","20":"purchasable","21":"product-type-simple"},"yoast_head":"<!-- This site is optimized with the Yoast SEO plugin v27.4 - https:\/\/yoast.com\/product\/yoast-seo-wordpress\/ -->\n<title>Chrysocolle on Malachite - Mine de l&#039;Etoile, Lubumbashi, Katanga, CONGO<\/title>\n<meta name=\"description\" content=\"Le Cristal Lig\u00e9rien, boutique de Min\u00e9raux de collection Fran\u00e7ais et du monde entier. Les petits comme les gros budgets trouveront ici leurs tr\u00e9sors.\" \/>\n<meta name=\"robots\" content=\"index, follow, max-snippet:-1, max-image-preview:large, max-video-preview:-1\" \/>\n<link rel=\"canonical\" href=\"https:\/\/la-pe-pite-de-big-or.fr\/en\/produit\/chrysocolle-sur-malachite-mine-de-l-etoile-lubumbashi-katanga-congo\/\" \/>\n<meta property=\"og:locale\" content=\"en_GB\" \/>\n<meta property=\"og:locale:alternate\" content=\"fr_FR\" \/>\n<meta property=\"og:type\" content=\"article\" \/>\n<meta property=\"og:title\" content=\"Chrysocolle on Malachite - Mine de l&#039;Etoile, Lubumbashi, Katanga, CONGO\" \/>\n<meta property=\"og:description\" content=\"Le Cristal Lig\u00e9rien, boutique de Min\u00e9raux de collection Fran\u00e7ais et du monde entier. Les petits comme les gros budgets trouveront ici leurs tr\u00e9sors.\" \/>\n<meta property=\"og:url\" content=\"https:\/\/la-pe-pite-de-big-or.fr\/en\/product\/chrysocolle-sur-malachite-mine-de-l-etoile-lubumbashi-katanga-congo\/\" \/>\n<meta property=\"og:site_name\" content=\"La P\u00e9-Pite de Big&#039;Or\" \/>\n<meta property=\"article:publisher\" content=\"https:\/\/www.facebook.com\/lecristalligerien\" \/>\n<meta property=\"article:modified_time\" content=\"2021-12-15T20:13:02+00:00\" \/>\n<meta property=\"og:image\" content=\"https:\/\/la-pe-pite-de-big-or.fr\/wp-content\/uploads\/2021\/11\/20211028_133334-scaled.jpg\" \/>\n\t<meta property=\"og:image:width\" content=\"2560\" \/>\n\t<meta property=\"og:image:height\" content=\"1920\" \/>\n\t<meta property=\"og:image:type\" content=\"image\/jpeg\" \/>\n<meta name=\"twitter:card\" content=\"summary_large_image\" \/>\n<meta name=\"twitter:label1\" content=\"Estimated reading time\" \/>\n\t<meta name=\"twitter:data1\" content=\"1 minute\" \/>\n<script type=\"application\/ld+json\" class=\"yoast-schema-graph\">{\"@context\":\"https:\\\/\\\/schema.org\",\"@graph\":[{\"@type\":\"WebPage\",\"@id\":\"https:\\\/\\\/la-pe-pite-de-big-or.fr\\\/produit\\\/chrysocolle-sur-malachite-mine-de-l-etoile-lubumbashi-katanga-congo\\\/\",\"url\":\"https:\\\/\\\/la-pe-pite-de-big-or.fr\\\/produit\\\/chrysocolle-sur-malachite-mine-de-l-etoile-lubumbashi-katanga-congo\\\/\",\"name\":\"Chrysocolle on Malachite - Mine de l'Etoile, Lubumbashi, Katanga, CONGO\",\"isPartOf\":{\"@id\":\"https:\\\/\\\/la-pe-pite-de-big-or.fr\\\/#website\"},\"primaryImageOfPage\":{\"@id\":\"https:\\\/\\\/la-pe-pite-de-big-or.fr\\\/produit\\\/chrysocolle-sur-malachite-mine-de-l-etoile-lubumbashi-katanga-congo\\\/#primaryimage\"},\"image\":{\"@id\":\"https:\\\/\\\/la-pe-pite-de-big-or.fr\\\/produit\\\/chrysocolle-sur-malachite-mine-de-l-etoile-lubumbashi-katanga-congo\\\/#primaryimage\"},\"thumbnailUrl\":\"https:\\\/\\\/la-pe-pite-de-big-or.fr\\\/wp-content\\\/uploads\\\/2021\\\/11\\\/20211028_133334-scaled.jpg\",\"datePublished\":\"2021-03-13T14:48:31+00:00\",\"dateModified\":\"2021-12-15T20:13:02+00:00\",\"description\":\"Le Cristal Lig\u00e9rien, boutique de Min\u00e9raux de collection Fran\u00e7ais et du monde entier. Les petits comme les gros budgets trouveront ici leurs tr\u00e9sors.\",\"breadcrumb\":{\"@id\":\"https:\\\/\\\/la-pe-pite-de-big-or.fr\\\/produit\\\/chrysocolle-sur-malachite-mine-de-l-etoile-lubumbashi-katanga-congo\\\/#breadcrumb\"},\"inLanguage\":\"en-GB\",\"potentialAction\":[{\"@type\":\"ReadAction\",\"target\":[\"https:\\\/\\\/la-pe-pite-de-big-or.fr\\\/produit\\\/chrysocolle-sur-malachite-mine-de-l-etoile-lubumbashi-katanga-congo\\\/\"]}]},{\"@type\":\"ImageObject\",\"inLanguage\":\"en-GB\",\"@id\":\"https:\\\/\\\/la-pe-pite-de-big-or.fr\\\/produit\\\/chrysocolle-sur-malachite-mine-de-l-etoile-lubumbashi-katanga-congo\\\/#primaryimage\",\"url\":\"https:\\\/\\\/la-pe-pite-de-big-or.fr\\\/wp-content\\\/uploads\\\/2021\\\/11\\\/20211028_133334-scaled.jpg\",\"contentUrl\":\"https:\\\/\\\/la-pe-pite-de-big-or.fr\\\/wp-content\\\/uploads\\\/2021\\\/11\\\/20211028_133334-scaled.jpg\",\"width\":2560,\"height\":1920},{\"@type\":\"BreadcrumbList\",\"@id\":\"https:\\\/\\\/la-pe-pite-de-big-or.fr\\\/produit\\\/chrysocolle-sur-malachite-mine-de-l-etoile-lubumbashi-katanga-congo\\\/#breadcrumb\",\"itemListElement\":[{\"@type\":\"ListItem\",\"position\":1,\"name\":\"Accueil\",\"item\":\"https:\\\/\\\/la-pe-pite-de-big-or.fr\\\/\"},{\"@type\":\"ListItem\",\"position\":2,\"name\":\"Boutique\",\"item\":\"https:\\\/\\\/la-pe-pite-de-big-or.fr\\\/boutique\\\/\"},{\"@type\":\"ListItem\",\"position\":3,\"name\":\"Chrysocolle sur Malachite &#8211; Mine de l&#8217;Etoile, Lubumbashi, Katanga, CONGO\"}]},{\"@type\":\"WebSite\",\"@id\":\"https:\\\/\\\/la-pe-pite-de-big-or.fr\\\/#website\",\"url\":\"https:\\\/\\\/la-pe-pite-de-big-or.fr\\\/\",\"name\":\"La P\u00e9-Pite de Big'Or\",\"description\":\"Quality mineralogy for everyone !\",\"publisher\":{\"@id\":\"https:\\\/\\\/la-pe-pite-de-big-or.fr\\\/#organization\"},\"potentialAction\":[{\"@type\":\"SearchAction\",\"target\":{\"@type\":\"EntryPoint\",\"urlTemplate\":\"https:\\\/\\\/la-pe-pite-de-big-or.fr\\\/?s={search_term_string}\"},\"query-input\":{\"@type\":\"PropertyValueSpecification\",\"valueRequired\":true,\"valueName\":\"search_term_string\"}}],\"inLanguage\":\"en-GB\"},{\"@type\":\"Organization\",\"@id\":\"https:\\\/\\\/la-pe-pite-de-big-or.fr\\\/#organization\",\"name\":\"Le Cristal Lig\u00e9rien\",\"url\":\"https:\\\/\\\/la-pe-pite-de-big-or.fr\\\/\",\"logo\":{\"@type\":\"ImageObject\",\"inLanguage\":\"en-GB\",\"@id\":\"https:\\\/\\\/la-pe-pite-de-big-or.fr\\\/#\\\/schema\\\/logo\\\/image\\\/\",\"url\":\"https:\\\/\\\/la-pe-pite-de-big-or.fr\\\/wp-content\\\/uploads\\\/2020\\\/10\\\/1-e1602017113481.png\",\"contentUrl\":\"https:\\\/\\\/la-pe-pite-de-big-or.fr\\\/wp-content\\\/uploads\\\/2020\\\/10\\\/1-e1602017113481.png\",\"width\":1444,\"height\":938,\"caption\":\"Le Cristal Lig\u00e9rien\"},\"image\":{\"@id\":\"https:\\\/\\\/la-pe-pite-de-big-or.fr\\\/#\\\/schema\\\/logo\\\/image\\\/\"},\"sameAs\":[\"https:\\\/\\\/www.facebook.com\\\/lecristalligerien\"]}]}<\/script>\n<!-- \/ Yoast SEO plugin. -->","yoast_head_json":{"title":"Chrysocolle on Malachite - Mine de l'Etoile, Lubumbashi, Katanga, CONGO","description":"Le Cristal Lig\u00e9rien, boutique de Min\u00e9raux de collection Fran\u00e7ais et du monde entier. Les petits comme les gros budgets trouveront ici leurs tr\u00e9sors.","robots":{"index":"index","follow":"follow","max-snippet":"max-snippet:-1","max-image-preview":"max-image-preview:large","max-video-preview":"max-video-preview:-1"},"canonical":"https:\/\/la-pe-pite-de-big-or.fr\/en\/produit\/chrysocolle-sur-malachite-mine-de-l-etoile-lubumbashi-katanga-congo\/","og_locale":"en_GB","og_type":"article","og_title":"[:fr]Chrysocolle sur Malachite - Mine de l'Etoile, Lubumbashi, Katanga, CONGO[:en]Chrysocolle on Malachite - Mine de l&#039;Etoile, Lubumbashi, Katanga, CONGO[:] - La P\u00e9-Pite de Big'Or","og_description":"Le Cristal Lig\u00e9rien, boutique de Min\u00e9raux de collection Fran\u00e7ais et du monde entier. Les petits comme les gros budgets trouveront ici leurs tr\u00e9sors.","og_url":"https:\/\/la-pe-pite-de-big-or.fr\/en\/product\/chrysocolle-sur-malachite-mine-de-l-etoile-lubumbashi-katanga-congo\/","og_site_name":"La P\u00e9-Pite de Big'Or","article_publisher":"https:\/\/www.facebook.com\/lecristalligerien","article_modified_time":"2021-12-15T20:13:02+00:00","og_image":[{"width":2560,"height":1920,"url":"https:\/\/la-pe-pite-de-big-or.fr\/wp-content\/uploads\/2021\/11\/20211028_133334-scaled.jpg","type":"image\/jpeg"}],"twitter_card":"summary_large_image","twitter_misc":{"Estimated reading time":"1 minute"},"schema":{"@context":"https:\/\/schema.org","@graph":[{"@type":"WebPage","@id":"https:\/\/la-pe-pite-de-big-or.fr\/produit\/chrysocolle-sur-malachite-mine-de-l-etoile-lubumbashi-katanga-congo\/","url":"https:\/\/la-pe-pite-de-big-or.fr\/produit\/chrysocolle-sur-malachite-mine-de-l-etoile-lubumbashi-katanga-congo\/","name":"Chrysocolle on Malachite - Mine de l'Etoile, Lubumbashi, Katanga, CONGO","isPartOf":{"@id":"https:\/\/la-pe-pite-de-big-or.fr\/#website"},"primaryImageOfPage":{"@id":"https:\/\/la-pe-pite-de-big-or.fr\/produit\/chrysocolle-sur-malachite-mine-de-l-etoile-lubumbashi-katanga-congo\/#primaryimage"},"image":{"@id":"https:\/\/la-pe-pite-de-big-or.fr\/produit\/chrysocolle-sur-malachite-mine-de-l-etoile-lubumbashi-katanga-congo\/#primaryimage"},"thumbnailUrl":"https:\/\/la-pe-pite-de-big-or.fr\/wp-content\/uploads\/2021\/11\/20211028_133334-scaled.jpg","datePublished":"2021-03-13T14:48:31+00:00","dateModified":"2021-12-15T20:13:02+00:00","description":"Le Cristal Lig\u00e9rien, boutique de Min\u00e9raux de collection Fran\u00e7ais et du monde entier. Les petits comme les gros budgets trouveront ici leurs tr\u00e9sors.","breadcrumb":{"@id":"https:\/\/la-pe-pite-de-big-or.fr\/produit\/chrysocolle-sur-malachite-mine-de-l-etoile-lubumbashi-katanga-congo\/#breadcrumb"},"inLanguage":"en-GB","potentialAction":[{"@type":"ReadAction","target":["https:\/\/la-pe-pite-de-big-or.fr\/produit\/chrysocolle-sur-malachite-mine-de-l-etoile-lubumbashi-katanga-congo\/"]}]},{"@type":"ImageObject","inLanguage":"en-GB","@id":"https:\/\/la-pe-pite-de-big-or.fr\/produit\/chrysocolle-sur-malachite-mine-de-l-etoile-lubumbashi-katanga-congo\/#primaryimage","url":"https:\/\/la-pe-pite-de-big-or.fr\/wp-content\/uploads\/2021\/11\/20211028_133334-scaled.jpg","contentUrl":"https:\/\/la-pe-pite-de-big-or.fr\/wp-content\/uploads\/2021\/11\/20211028_133334-scaled.jpg","width":2560,"height":1920},{"@type":"BreadcrumbList","@id":"https:\/\/la-pe-pite-de-big-or.fr\/produit\/chrysocolle-sur-malachite-mine-de-l-etoile-lubumbashi-katanga-congo\/#breadcrumb","itemListElement":[{"@type":"ListItem","position":1,"name":"Accueil","item":"https:\/\/la-pe-pite-de-big-or.fr\/"},{"@type":"ListItem","position":2,"name":"Boutique","item":"https:\/\/la-pe-pite-de-big-or.fr\/boutique\/"},{"@type":"ListItem","position":3,"name":"Chrysocolle sur Malachite &#8211; Mine de l&#8217;Etoile, Lubumbashi, Katanga, CONGO"}]},{"@type":"WebSite","@id":"https:\/\/la-pe-pite-de-big-or.fr\/#website","url":"https:\/\/la-pe-pite-de-big-or.fr\/","name":"La P\u00e9-Pite de Big'Or","description":"Quality mineralogy for everyone !","publisher":{"@id":"https:\/\/la-pe-pite-de-big-or.fr\/#organization"},"potentialAction":[{"@type":"SearchAction","target":{"@type":"EntryPoint","urlTemplate":"https:\/\/la-pe-pite-de-big-or.fr\/?s={search_term_string}"},"query-input":{"@type":"PropertyValueSpecification","valueRequired":true,"valueName":"search_term_string"}}],"inLanguage":"en-GB"},{"@type":"Organization","@id":"https:\/\/la-pe-pite-de-big-or.fr\/#organization","name":"Le Cristal Lig\u00e9rien","url":"https:\/\/la-pe-pite-de-big-or.fr\/","logo":{"@type":"ImageObject","inLanguage":"en-GB","@id":"https:\/\/la-pe-pite-de-big-or.fr\/#\/schema\/logo\/image\/","url":"https:\/\/la-pe-pite-de-big-or.fr\/wp-content\/uploads\/2020\/10\/1-e1602017113481.png","contentUrl":"https:\/\/la-pe-pite-de-big-or.fr\/wp-content\/uploads\/2020\/10\/1-e1602017113481.png","width":1444,"height":938,"caption":"Le Cristal Lig\u00e9rien"},"image":{"@id":"https:\/\/la-pe-pite-de-big-or.fr\/#\/schema\/logo\/image\/"},"sameAs":["https:\/\/www.facebook.com\/lecristalligerien"]}]}},"jetpack_sharing_enabled":true,"_links":{"self":[{"href":"https:\/\/la-pe-pite-de-big-or.fr\/en\/wp-json\/wp\/v2\/product\/1898","targetHints":{"allow":["GET"]}}],"collection":[{"href":"https:\/\/la-pe-pite-de-big-or.fr\/en\/wp-json\/wp\/v2\/product"}],"about":[{"href":"https:\/\/la-pe-pite-de-big-or.fr\/en\/wp-json\/wp\/v2\/types\/product"}],"wp:featuredmedia":[{"embeddable":true,"href":"https:\/\/la-pe-pite-de-big-or.fr\/en\/wp-json\/wp\/v2\/media\/2041"}],"wp:attachment":[{"href":"https:\/\/la-pe-pite-de-big-or.fr\/en\/wp-json\/wp\/v2\/media?parent=1898"}],"wp:term":[{"taxonomy":"product_brand","embeddable":true,"href":"https:\/\/la-pe-pite-de-big-or.fr\/en\/wp-json\/wp\/v2\/product_brand?post=1898"},{"taxonomy":"product_cat","embeddable":true,"href":"https:\/\/la-pe-pite-de-big-or.fr\/en\/wp-json\/wp\/v2\/product_cat?post=1898"},{"taxonomy":"product_tag","embeddable":true,"href":"https:\/\/la-pe-pite-de-big-or.fr\/en\/wp-json\/wp\/v2\/product_tag?post=1898"}],"curies":[{"name":"wp","href":"https:\/\/api.w.org\/{rel}","templated":true}]}}