{"id":1914,"date":"2021-03-13T16:08:58","date_gmt":"2021-03-13T16:08:58","guid":{"rendered":"https:\/\/la-pe-pite-de-big-or.fr\/?post_type=product&#038;p=1914"},"modified":"2021-03-27T17:52:16","modified_gmt":"2021-03-27T17:52:16","slug":"rutile-sur-hematite-novo-horizonte-bahia-bresil","status":"publish","type":"product","link":"https:\/\/la-pe-pite-de-big-or.fr\/en\/product\/rutile-sur-hematite-novo-horizonte-bahia-bresil\/","title":{"rendered":"Rutile on Hematite &#8211; Novo Horizonte, Bahia, Brazil"},"content":{"rendered":"<p><iframe loading=\"lazy\" title=\"20210225_212724-converted\" src=\"https:\/\/player.vimeo.com\/video\/516905338?dnt=1&amp;app_id=122963\" width=\"980\" height=\"735\" frameborder=\"0\" allow=\"autoplay; fullscreen; picture-in-picture\" allowfullscreen><\/iframe><\/p>\n<p>Splendid Rutile on Hematite from a private collection of high quality minerals. Very airy specimen and crystallization of an exceptional fineness ! Collectors beware, this quality is not so common !!<\/p>\n<p>Each piece is presented photographed from many different angles to give you maximum detail. Feel free to contact me to get the google image link correspondant.C&rsquo;est also more fun like that can we discuss some stones if you wish, it will remind us of the physical exhibitions !!! See you soon !!<\/p>\n<p>\u2692 <strong>LOCATION<\/strong> : Novo Horizonte, Bahia, Brazil<\/p>\n<p><strong>SIZES<\/strong> : HT 4,5 X L 3,5 X P 2 cm<\/p>\n<p><strong>WEIGHT<\/strong> : 30 GR (with base)<\/p>\n<p>Rutile is a titanium dioxide (TiO2) with traces of iron, niobium, chromium, vanadium and tin. It is formed at high temperatures and has a tetragonal crystal system.<\/p>","protected":false},"excerpt":{"rendered":"<p>Splendid Rutile on Hematite from a private collection of high quality minerals. Very airy specimen and crystallization of an exceptional fineness ! Collectors beware, this quality is not so common !! Each piece is presented photographed from many different angles to give you maximum detail. Feel free to contact me to get the google image [&hellip;]<\/p>\n","protected":false},"featured_media":1920,"template":"","meta":[],"product_brand":[],"product_cat":[318,217,286,249,317],"product_tag":[324,282],"class_list":{"0":"post-1914","1":"product","2":"type-product","3":"status-publish","4":"has-post-thumbnail","6":"product_cat-hematite","7":"product_cat-4-oxydes-et-hydroxydes","8":"product_cat-mineraux-du-bresil","9":"product_cat-nouveautes","10":"product_cat-rutile","11":"product_tag-bahia","12":"product_tag-bresil","14":"first","15":"outofstock","16":"sold-individually","17":"purchasable","18":"product-type-simple"},"yoast_head":"<!-- This site is optimized with the Yoast SEO plugin v27.5 - https:\/\/yoast.com\/product\/yoast-seo-wordpress\/ -->\n<title>Rutile on Hematite - Novo Horizonte, Bahia, Brazil<\/title>\n<meta name=\"description\" content=\"Le Cristal Lig\u00e9rien, boutique de Min\u00e9raux de collection Fran\u00e7ais et du monde entier. Les petits comme les gros budgets trouveront ici leurs tr\u00e9sors.\" \/>\n<meta name=\"robots\" content=\"index, follow, max-snippet:-1, max-image-preview:large, max-video-preview:-1\" \/>\n<link rel=\"canonical\" href=\"https:\/\/la-pe-pite-de-big-or.fr\/en\/produit\/rutile-sur-hematite-novo-horizonte-bahia-bresil\/\" \/>\n<meta property=\"og:locale\" content=\"en_GB\" \/>\n<meta property=\"og:locale:alternate\" content=\"fr_FR\" \/>\n<meta property=\"og:type\" content=\"article\" \/>\n<meta property=\"og:title\" content=\"Rutile on Hematite - Novo Horizonte, Bahia, Brazil\" \/>\n<meta property=\"og:description\" content=\"Le Cristal Lig\u00e9rien, boutique de Min\u00e9raux de collection Fran\u00e7ais et du monde entier. Les petits comme les gros budgets trouveront ici leurs tr\u00e9sors.\" \/>\n<meta property=\"og:url\" content=\"https:\/\/la-pe-pite-de-big-or.fr\/en\/product\/rutile-sur-hematite-novo-horizonte-bahia-bresil\/\" \/>\n<meta property=\"og:site_name\" content=\"La P\u00e9-Pite de Big&#039;Or\" \/>\n<meta property=\"article:publisher\" content=\"https:\/\/www.facebook.com\/lecristalligerien\" \/>\n<meta property=\"article:modified_time\" content=\"2021-03-27T17:52:16+00:00\" \/>\n<meta property=\"og:image\" content=\"https:\/\/la-pe-pite-de-big-or.fr\/wp-content\/uploads\/2021\/03\/20210226_151707-min-scaled.jpg\" \/>\n\t<meta property=\"og:image:width\" content=\"2560\" \/>\n\t<meta property=\"og:image:height\" content=\"1920\" \/>\n\t<meta property=\"og:image:type\" content=\"image\/jpeg\" \/>\n<meta name=\"twitter:card\" content=\"summary_large_image\" \/>\n<meta name=\"twitter:label1\" content=\"Estimated reading time\" \/>\n\t<meta name=\"twitter:data1\" content=\"1 minute\" \/>\n<script type=\"application\/ld+json\" class=\"yoast-schema-graph\">{\"@context\":\"https:\\\/\\\/schema.org\",\"@graph\":[{\"@type\":\"WebPage\",\"@id\":\"https:\\\/\\\/la-pe-pite-de-big-or.fr\\\/produit\\\/rutile-sur-hematite-novo-horizonte-bahia-bresil\\\/\",\"url\":\"https:\\\/\\\/la-pe-pite-de-big-or.fr\\\/produit\\\/rutile-sur-hematite-novo-horizonte-bahia-bresil\\\/\",\"name\":\"Rutile on Hematite - Novo Horizonte, Bahia, Brazil\",\"isPartOf\":{\"@id\":\"https:\\\/\\\/la-pe-pite-de-big-or.fr\\\/#website\"},\"primaryImageOfPage\":{\"@id\":\"https:\\\/\\\/la-pe-pite-de-big-or.fr\\\/produit\\\/rutile-sur-hematite-novo-horizonte-bahia-bresil\\\/#primaryimage\"},\"image\":{\"@id\":\"https:\\\/\\\/la-pe-pite-de-big-or.fr\\\/produit\\\/rutile-sur-hematite-novo-horizonte-bahia-bresil\\\/#primaryimage\"},\"thumbnailUrl\":\"https:\\\/\\\/la-pe-pite-de-big-or.fr\\\/wp-content\\\/uploads\\\/2021\\\/03\\\/20210226_151707-min-scaled.jpg\",\"datePublished\":\"2021-03-13T16:08:58+00:00\",\"dateModified\":\"2021-03-27T17:52:16+00:00\",\"description\":\"Le Cristal Lig\u00e9rien, boutique de Min\u00e9raux de collection Fran\u00e7ais et du monde entier. Les petits comme les gros budgets trouveront ici leurs tr\u00e9sors.\",\"breadcrumb\":{\"@id\":\"https:\\\/\\\/la-pe-pite-de-big-or.fr\\\/produit\\\/rutile-sur-hematite-novo-horizonte-bahia-bresil\\\/#breadcrumb\"},\"inLanguage\":\"en-GB\",\"potentialAction\":[{\"@type\":\"ReadAction\",\"target\":[\"https:\\\/\\\/la-pe-pite-de-big-or.fr\\\/produit\\\/rutile-sur-hematite-novo-horizonte-bahia-bresil\\\/\"]}]},{\"@type\":\"ImageObject\",\"inLanguage\":\"en-GB\",\"@id\":\"https:\\\/\\\/la-pe-pite-de-big-or.fr\\\/produit\\\/rutile-sur-hematite-novo-horizonte-bahia-bresil\\\/#primaryimage\",\"url\":\"https:\\\/\\\/la-pe-pite-de-big-or.fr\\\/wp-content\\\/uploads\\\/2021\\\/03\\\/20210226_151707-min-scaled.jpg\",\"contentUrl\":\"https:\\\/\\\/la-pe-pite-de-big-or.fr\\\/wp-content\\\/uploads\\\/2021\\\/03\\\/20210226_151707-min-scaled.jpg\",\"width\":2560,\"height\":1920},{\"@type\":\"BreadcrumbList\",\"@id\":\"https:\\\/\\\/la-pe-pite-de-big-or.fr\\\/produit\\\/rutile-sur-hematite-novo-horizonte-bahia-bresil\\\/#breadcrumb\",\"itemListElement\":[{\"@type\":\"ListItem\",\"position\":1,\"name\":\"Accueil\",\"item\":\"https:\\\/\\\/la-pe-pite-de-big-or.fr\\\/\"},{\"@type\":\"ListItem\",\"position\":2,\"name\":\"Boutique\",\"item\":\"https:\\\/\\\/la-pe-pite-de-big-or.fr\\\/boutique\\\/\"},{\"@type\":\"ListItem\",\"position\":3,\"name\":\"Rutile sur H\u00e9matite &#8211; Novo Horizonte, Bahia, BRESIL\"}]},{\"@type\":\"WebSite\",\"@id\":\"https:\\\/\\\/la-pe-pite-de-big-or.fr\\\/#website\",\"url\":\"https:\\\/\\\/la-pe-pite-de-big-or.fr\\\/\",\"name\":\"La P\u00e9-Pite de Big'Or\",\"description\":\"Quality mineralogy for everyone !\",\"publisher\":{\"@id\":\"https:\\\/\\\/la-pe-pite-de-big-or.fr\\\/#organization\"},\"potentialAction\":[{\"@type\":\"SearchAction\",\"target\":{\"@type\":\"EntryPoint\",\"urlTemplate\":\"https:\\\/\\\/la-pe-pite-de-big-or.fr\\\/?s={search_term_string}\"},\"query-input\":{\"@type\":\"PropertyValueSpecification\",\"valueRequired\":true,\"valueName\":\"search_term_string\"}}],\"inLanguage\":\"en-GB\"},{\"@type\":\"Organization\",\"@id\":\"https:\\\/\\\/la-pe-pite-de-big-or.fr\\\/#organization\",\"name\":\"Le Cristal Lig\u00e9rien\",\"url\":\"https:\\\/\\\/la-pe-pite-de-big-or.fr\\\/\",\"logo\":{\"@type\":\"ImageObject\",\"inLanguage\":\"en-GB\",\"@id\":\"https:\\\/\\\/la-pe-pite-de-big-or.fr\\\/#\\\/schema\\\/logo\\\/image\\\/\",\"url\":\"https:\\\/\\\/la-pe-pite-de-big-or.fr\\\/wp-content\\\/uploads\\\/2020\\\/10\\\/1-e1602017113481.png\",\"contentUrl\":\"https:\\\/\\\/la-pe-pite-de-big-or.fr\\\/wp-content\\\/uploads\\\/2020\\\/10\\\/1-e1602017113481.png\",\"width\":1444,\"height\":938,\"caption\":\"Le Cristal Lig\u00e9rien\"},\"image\":{\"@id\":\"https:\\\/\\\/la-pe-pite-de-big-or.fr\\\/#\\\/schema\\\/logo\\\/image\\\/\"},\"sameAs\":[\"https:\\\/\\\/www.facebook.com\\\/lecristalligerien\"]}]}<\/script>\n<!-- \/ Yoast SEO plugin. -->","yoast_head_json":{"title":"Rutile on Hematite - Novo Horizonte, Bahia, Brazil","description":"Le Cristal Lig\u00e9rien, boutique de Min\u00e9raux de collection Fran\u00e7ais et du monde entier. Les petits comme les gros budgets trouveront ici leurs tr\u00e9sors.","robots":{"index":"index","follow":"follow","max-snippet":"max-snippet:-1","max-image-preview":"max-image-preview:large","max-video-preview":"max-video-preview:-1"},"canonical":"https:\/\/la-pe-pite-de-big-or.fr\/en\/produit\/rutile-sur-hematite-novo-horizonte-bahia-bresil\/","og_locale":"en_GB","og_type":"article","og_title":"[:fr]Rutile sur H\u00e9matite - Novo Horizonte, Bahia, BRESIL[:en]Rutile on Hematite - Novo Horizonte, Bahia, Brazil[:] - La P\u00e9-Pite de Big'Or","og_description":"Le Cristal Lig\u00e9rien, boutique de Min\u00e9raux de collection Fran\u00e7ais et du monde entier. Les petits comme les gros budgets trouveront ici leurs tr\u00e9sors.","og_url":"https:\/\/la-pe-pite-de-big-or.fr\/en\/product\/rutile-sur-hematite-novo-horizonte-bahia-bresil\/","og_site_name":"La P\u00e9-Pite de Big'Or","article_publisher":"https:\/\/www.facebook.com\/lecristalligerien","article_modified_time":"2021-03-27T17:52:16+00:00","og_image":[{"width":2560,"height":1920,"url":"https:\/\/la-pe-pite-de-big-or.fr\/wp-content\/uploads\/2021\/03\/20210226_151707-min-scaled.jpg","type":"image\/jpeg"}],"twitter_card":"summary_large_image","twitter_misc":{"Estimated reading time":"1 minute"},"schema":{"@context":"https:\/\/schema.org","@graph":[{"@type":"WebPage","@id":"https:\/\/la-pe-pite-de-big-or.fr\/produit\/rutile-sur-hematite-novo-horizonte-bahia-bresil\/","url":"https:\/\/la-pe-pite-de-big-or.fr\/produit\/rutile-sur-hematite-novo-horizonte-bahia-bresil\/","name":"Rutile on Hematite - Novo Horizonte, Bahia, Brazil","isPartOf":{"@id":"https:\/\/la-pe-pite-de-big-or.fr\/#website"},"primaryImageOfPage":{"@id":"https:\/\/la-pe-pite-de-big-or.fr\/produit\/rutile-sur-hematite-novo-horizonte-bahia-bresil\/#primaryimage"},"image":{"@id":"https:\/\/la-pe-pite-de-big-or.fr\/produit\/rutile-sur-hematite-novo-horizonte-bahia-bresil\/#primaryimage"},"thumbnailUrl":"https:\/\/la-pe-pite-de-big-or.fr\/wp-content\/uploads\/2021\/03\/20210226_151707-min-scaled.jpg","datePublished":"2021-03-13T16:08:58+00:00","dateModified":"2021-03-27T17:52:16+00:00","description":"Le Cristal Lig\u00e9rien, boutique de Min\u00e9raux de collection Fran\u00e7ais et du monde entier. Les petits comme les gros budgets trouveront ici leurs tr\u00e9sors.","breadcrumb":{"@id":"https:\/\/la-pe-pite-de-big-or.fr\/produit\/rutile-sur-hematite-novo-horizonte-bahia-bresil\/#breadcrumb"},"inLanguage":"en-GB","potentialAction":[{"@type":"ReadAction","target":["https:\/\/la-pe-pite-de-big-or.fr\/produit\/rutile-sur-hematite-novo-horizonte-bahia-bresil\/"]}]},{"@type":"ImageObject","inLanguage":"en-GB","@id":"https:\/\/la-pe-pite-de-big-or.fr\/produit\/rutile-sur-hematite-novo-horizonte-bahia-bresil\/#primaryimage","url":"https:\/\/la-pe-pite-de-big-or.fr\/wp-content\/uploads\/2021\/03\/20210226_151707-min-scaled.jpg","contentUrl":"https:\/\/la-pe-pite-de-big-or.fr\/wp-content\/uploads\/2021\/03\/20210226_151707-min-scaled.jpg","width":2560,"height":1920},{"@type":"BreadcrumbList","@id":"https:\/\/la-pe-pite-de-big-or.fr\/produit\/rutile-sur-hematite-novo-horizonte-bahia-bresil\/#breadcrumb","itemListElement":[{"@type":"ListItem","position":1,"name":"Accueil","item":"https:\/\/la-pe-pite-de-big-or.fr\/"},{"@type":"ListItem","position":2,"name":"Boutique","item":"https:\/\/la-pe-pite-de-big-or.fr\/boutique\/"},{"@type":"ListItem","position":3,"name":"Rutile sur H\u00e9matite &#8211; Novo Horizonte, Bahia, BRESIL"}]},{"@type":"WebSite","@id":"https:\/\/la-pe-pite-de-big-or.fr\/#website","url":"https:\/\/la-pe-pite-de-big-or.fr\/","name":"La P\u00e9-Pite de Big'Or","description":"Quality mineralogy for everyone !","publisher":{"@id":"https:\/\/la-pe-pite-de-big-or.fr\/#organization"},"potentialAction":[{"@type":"SearchAction","target":{"@type":"EntryPoint","urlTemplate":"https:\/\/la-pe-pite-de-big-or.fr\/?s={search_term_string}"},"query-input":{"@type":"PropertyValueSpecification","valueRequired":true,"valueName":"search_term_string"}}],"inLanguage":"en-GB"},{"@type":"Organization","@id":"https:\/\/la-pe-pite-de-big-or.fr\/#organization","name":"Le Cristal Lig\u00e9rien","url":"https:\/\/la-pe-pite-de-big-or.fr\/","logo":{"@type":"ImageObject","inLanguage":"en-GB","@id":"https:\/\/la-pe-pite-de-big-or.fr\/#\/schema\/logo\/image\/","url":"https:\/\/la-pe-pite-de-big-or.fr\/wp-content\/uploads\/2020\/10\/1-e1602017113481.png","contentUrl":"https:\/\/la-pe-pite-de-big-or.fr\/wp-content\/uploads\/2020\/10\/1-e1602017113481.png","width":1444,"height":938,"caption":"Le Cristal Lig\u00e9rien"},"image":{"@id":"https:\/\/la-pe-pite-de-big-or.fr\/#\/schema\/logo\/image\/"},"sameAs":["https:\/\/www.facebook.com\/lecristalligerien"]}]}},"jetpack_sharing_enabled":true,"_links":{"self":[{"href":"https:\/\/la-pe-pite-de-big-or.fr\/en\/wp-json\/wp\/v2\/product\/1914","targetHints":{"allow":["GET"]}}],"collection":[{"href":"https:\/\/la-pe-pite-de-big-or.fr\/en\/wp-json\/wp\/v2\/product"}],"about":[{"href":"https:\/\/la-pe-pite-de-big-or.fr\/en\/wp-json\/wp\/v2\/types\/product"}],"wp:featuredmedia":[{"embeddable":true,"href":"https:\/\/la-pe-pite-de-big-or.fr\/en\/wp-json\/wp\/v2\/media\/1920"}],"wp:attachment":[{"href":"https:\/\/la-pe-pite-de-big-or.fr\/en\/wp-json\/wp\/v2\/media?parent=1914"}],"wp:term":[{"taxonomy":"product_brand","embeddable":true,"href":"https:\/\/la-pe-pite-de-big-or.fr\/en\/wp-json\/wp\/v2\/product_brand?post=1914"},{"taxonomy":"product_cat","embeddable":true,"href":"https:\/\/la-pe-pite-de-big-or.fr\/en\/wp-json\/wp\/v2\/product_cat?post=1914"},{"taxonomy":"product_tag","embeddable":true,"href":"https:\/\/la-pe-pite-de-big-or.fr\/en\/wp-json\/wp\/v2\/product_tag?post=1914"}],"curies":[{"name":"wp","href":"https:\/\/api.w.org\/{rel}","templated":true}]}}