{"id":2164,"date":"2021-11-26T17:03:06","date_gmt":"2021-11-26T17:03:06","guid":{"rendered":"https:\/\/la-pe-pite-de-big-or.fr\/?post_type=product&#038;p=2164"},"modified":"2023-11-08T23:01:59","modified_gmt":"2023-11-08T22:01:59","slug":"quartz-amethyste-cathedrale-andilamena-andranotokana-alaotra-mangoro-toamasina-madagascar","status":"publish","type":"product","link":"https:\/\/la-pe-pite-de-big-or.fr\/en\/product\/quartz-amethyste-cathedrale-andilamena-andranotokana-alaotra-mangoro-toamasina-madagascar\/","title":{"rendered":"Amethyst Cathedral Quartz &#8211; Andilamena, Andranotokana, Alaotra Mangoro, Toamasina, MADAGASCAR"},"content":{"rendered":"<p>Amethyst Cathedral Quartz<\/p>\n<p>Location: Andilamena, Andranotokana, Alaotra Mangoro, Toamasina, MADAGASCAR<\/p>\n<p>Dimension : HT 20 X L 14 X P 3,5 cm<\/p>\n<p>Price : 490 \u20ac<\/p>\n<p>Exceptional Amethyst \u00ab\u00a0Cathedral\u00a0\u00bb, what to say more if not a splendour! To note, One or two points slightly rubbed but which does not spoil the aspect of the piece and that one forgives gladly. The conditions of extraction as well as transit are always very difficult and it is quite rare to have really perfect crystals from Madagascar.<\/p>\n<p>Reference : 0111-LCL<\/p>","protected":false},"excerpt":{"rendered":"<p>Amethyst Cathedral Quartz Location: Andilamena, Andranotokana, Alaotra Mangoro, Toamasina, MADAGASCAR Dimension : HT 20 X L 14 X P 3,5 cm Price : 490 \u20ac Exceptional Amethyst \u00ab\u00a0Cathedral\u00a0\u00bb, what to say more if not a splendour! To note, One or two points slightly rubbed but which does not spoil the aspect of the piece and [&hellip;]<\/p>\n","protected":false},"featured_media":2052,"template":"","meta":[],"product_brand":[],"product_cat":[268,375,249,31,221,22],"product_tag":[377,378,376,32,33],"class_list":{"0":"post-2164","1":"product","2":"type-product","3":"status-publish","4":"has-post-thumbnail","6":"product_cat-grosses-pieces","7":"product_cat-mineraux-de-madagascar","8":"product_cat-nouveautes","9":"product_cat-quartz","10":"product_cat-8-silicates","11":"product_cat-amethyste","12":"product_tag-andilamena","13":"product_tag-cathedrale","14":"product_tag-madagascar","15":"product_tag-amethyste","16":"product_tag-quartz","18":"first","19":"outofstock","20":"shipping-taxable","21":"purchasable","22":"product-type-simple"},"yoast_head":"<!-- This site is optimized with the Yoast SEO plugin v27.4 - https:\/\/yoast.com\/product\/yoast-seo-wordpress\/ -->\n<title>Amethyst Cathedral Quartz - Andilamena, Andranotokana, Alaotra Mangoro, Toamasina, MADAGASCAR<\/title>\n<meta name=\"description\" content=\"Le Cristal Lig\u00e9rien, boutique de Min\u00e9raux de collection Fran\u00e7ais et du monde entier. Les petits comme les gros budgets trouveront ici leurs tr\u00e9sors.\" \/>\n<meta name=\"robots\" content=\"index, follow, max-snippet:-1, max-image-preview:large, max-video-preview:-1\" \/>\n<link rel=\"canonical\" href=\"https:\/\/la-pe-pite-de-big-or.fr\/en\/produit\/quartz-amethyste-cathedrale-andilamena-andranotokana-alaotra-mangoro-toamasina-madagascar\/\" \/>\n<meta property=\"og:locale\" content=\"en_GB\" \/>\n<meta property=\"og:locale:alternate\" content=\"fr_FR\" \/>\n<meta property=\"og:type\" content=\"article\" \/>\n<meta property=\"og:title\" content=\"Amethyst Cathedral Quartz - Andilamena, Andranotokana, Alaotra Mangoro, Toamasina, MADAGASCAR\" \/>\n<meta property=\"og:description\" content=\"Le Cristal Lig\u00e9rien, boutique de Min\u00e9raux de collection Fran\u00e7ais et du monde entier. Les petits comme les gros budgets trouveront ici leurs tr\u00e9sors.\" \/>\n<meta property=\"og:url\" content=\"https:\/\/la-pe-pite-de-big-or.fr\/en\/product\/quartz-amethyste-cathedrale-andilamena-andranotokana-alaotra-mangoro-toamasina-madagascar\/\" \/>\n<meta property=\"og:site_name\" content=\"La P\u00e9-Pite de Big&#039;Or\" \/>\n<meta property=\"article:publisher\" content=\"https:\/\/www.facebook.com\/lecristalligerien\" \/>\n<meta property=\"article:modified_time\" content=\"2023-11-08T22:01:59+00:00\" \/>\n<meta property=\"og:image\" content=\"https:\/\/la-pe-pite-de-big-or.fr\/wp-content\/uploads\/2021\/11\/QUA3_20200807_181305-scaled.jpg\" \/>\n\t<meta property=\"og:image:width\" content=\"2560\" \/>\n\t<meta property=\"og:image:height\" content=\"1440\" \/>\n\t<meta property=\"og:image:type\" content=\"image\/jpeg\" \/>\n<meta name=\"twitter:card\" content=\"summary_large_image\" \/>\n<meta name=\"twitter:label1\" content=\"Estimated reading time\" \/>\n\t<meta name=\"twitter:data1\" content=\"1 minute\" \/>\n<script type=\"application\/ld+json\" class=\"yoast-schema-graph\">{\"@context\":\"https:\\\/\\\/schema.org\",\"@graph\":[{\"@type\":\"WebPage\",\"@id\":\"https:\\\/\\\/la-pe-pite-de-big-or.fr\\\/produit\\\/quartz-amethyste-cathedrale-andilamena-andranotokana-alaotra-mangoro-toamasina-madagascar\\\/\",\"url\":\"https:\\\/\\\/la-pe-pite-de-big-or.fr\\\/produit\\\/quartz-amethyste-cathedrale-andilamena-andranotokana-alaotra-mangoro-toamasina-madagascar\\\/\",\"name\":\"Amethyst Cathedral Quartz - Andilamena, Andranotokana, Alaotra Mangoro, Toamasina, MADAGASCAR\",\"isPartOf\":{\"@id\":\"https:\\\/\\\/la-pe-pite-de-big-or.fr\\\/#website\"},\"primaryImageOfPage\":{\"@id\":\"https:\\\/\\\/la-pe-pite-de-big-or.fr\\\/produit\\\/quartz-amethyste-cathedrale-andilamena-andranotokana-alaotra-mangoro-toamasina-madagascar\\\/#primaryimage\"},\"image\":{\"@id\":\"https:\\\/\\\/la-pe-pite-de-big-or.fr\\\/produit\\\/quartz-amethyste-cathedrale-andilamena-andranotokana-alaotra-mangoro-toamasina-madagascar\\\/#primaryimage\"},\"thumbnailUrl\":\"https:\\\/\\\/la-pe-pite-de-big-or.fr\\\/wp-content\\\/uploads\\\/2021\\\/11\\\/QUA3_20200807_181305-scaled.jpg\",\"datePublished\":\"2021-11-26T17:03:06+00:00\",\"dateModified\":\"2023-11-08T22:01:59+00:00\",\"description\":\"Le Cristal Lig\u00e9rien, boutique de Min\u00e9raux de collection Fran\u00e7ais et du monde entier. Les petits comme les gros budgets trouveront ici leurs tr\u00e9sors.\",\"breadcrumb\":{\"@id\":\"https:\\\/\\\/la-pe-pite-de-big-or.fr\\\/produit\\\/quartz-amethyste-cathedrale-andilamena-andranotokana-alaotra-mangoro-toamasina-madagascar\\\/#breadcrumb\"},\"inLanguage\":\"en-GB\",\"potentialAction\":[{\"@type\":\"ReadAction\",\"target\":[\"https:\\\/\\\/la-pe-pite-de-big-or.fr\\\/produit\\\/quartz-amethyste-cathedrale-andilamena-andranotokana-alaotra-mangoro-toamasina-madagascar\\\/\"]}]},{\"@type\":\"ImageObject\",\"inLanguage\":\"en-GB\",\"@id\":\"https:\\\/\\\/la-pe-pite-de-big-or.fr\\\/produit\\\/quartz-amethyste-cathedrale-andilamena-andranotokana-alaotra-mangoro-toamasina-madagascar\\\/#primaryimage\",\"url\":\"https:\\\/\\\/la-pe-pite-de-big-or.fr\\\/wp-content\\\/uploads\\\/2021\\\/11\\\/QUA3_20200807_181305-scaled.jpg\",\"contentUrl\":\"https:\\\/\\\/la-pe-pite-de-big-or.fr\\\/wp-content\\\/uploads\\\/2021\\\/11\\\/QUA3_20200807_181305-scaled.jpg\",\"width\":2560,\"height\":1440},{\"@type\":\"BreadcrumbList\",\"@id\":\"https:\\\/\\\/la-pe-pite-de-big-or.fr\\\/produit\\\/quartz-amethyste-cathedrale-andilamena-andranotokana-alaotra-mangoro-toamasina-madagascar\\\/#breadcrumb\",\"itemListElement\":[{\"@type\":\"ListItem\",\"position\":1,\"name\":\"Accueil\",\"item\":\"https:\\\/\\\/la-pe-pite-de-big-or.fr\\\/\"},{\"@type\":\"ListItem\",\"position\":2,\"name\":\"Boutique\",\"item\":\"https:\\\/\\\/la-pe-pite-de-big-or.fr\\\/boutique\\\/\"},{\"@type\":\"ListItem\",\"position\":3,\"name\":\"Quartz Am\u00e9thyste Cath\u00e9drale &#8211; Andilamena, Andranotokana, Alaotra Mangoro, Toamasina, MADAGASCAR\"}]},{\"@type\":\"WebSite\",\"@id\":\"https:\\\/\\\/la-pe-pite-de-big-or.fr\\\/#website\",\"url\":\"https:\\\/\\\/la-pe-pite-de-big-or.fr\\\/\",\"name\":\"La P\u00e9-Pite de Big'Or\",\"description\":\"Quality mineralogy for everyone !\",\"publisher\":{\"@id\":\"https:\\\/\\\/la-pe-pite-de-big-or.fr\\\/#organization\"},\"potentialAction\":[{\"@type\":\"SearchAction\",\"target\":{\"@type\":\"EntryPoint\",\"urlTemplate\":\"https:\\\/\\\/la-pe-pite-de-big-or.fr\\\/?s={search_term_string}\"},\"query-input\":{\"@type\":\"PropertyValueSpecification\",\"valueRequired\":true,\"valueName\":\"search_term_string\"}}],\"inLanguage\":\"en-GB\"},{\"@type\":\"Organization\",\"@id\":\"https:\\\/\\\/la-pe-pite-de-big-or.fr\\\/#organization\",\"name\":\"Le Cristal Lig\u00e9rien\",\"url\":\"https:\\\/\\\/la-pe-pite-de-big-or.fr\\\/\",\"logo\":{\"@type\":\"ImageObject\",\"inLanguage\":\"en-GB\",\"@id\":\"https:\\\/\\\/la-pe-pite-de-big-or.fr\\\/#\\\/schema\\\/logo\\\/image\\\/\",\"url\":\"https:\\\/\\\/la-pe-pite-de-big-or.fr\\\/wp-content\\\/uploads\\\/2020\\\/10\\\/1-e1602017113481.png\",\"contentUrl\":\"https:\\\/\\\/la-pe-pite-de-big-or.fr\\\/wp-content\\\/uploads\\\/2020\\\/10\\\/1-e1602017113481.png\",\"width\":1444,\"height\":938,\"caption\":\"Le Cristal Lig\u00e9rien\"},\"image\":{\"@id\":\"https:\\\/\\\/la-pe-pite-de-big-or.fr\\\/#\\\/schema\\\/logo\\\/image\\\/\"},\"sameAs\":[\"https:\\\/\\\/www.facebook.com\\\/lecristalligerien\"]}]}<\/script>\n<!-- \/ Yoast SEO plugin. -->","yoast_head_json":{"title":"Amethyst Cathedral Quartz - Andilamena, Andranotokana, Alaotra Mangoro, Toamasina, MADAGASCAR","description":"Le Cristal Lig\u00e9rien, boutique de Min\u00e9raux de collection Fran\u00e7ais et du monde entier. Les petits comme les gros budgets trouveront ici leurs tr\u00e9sors.","robots":{"index":"index","follow":"follow","max-snippet":"max-snippet:-1","max-image-preview":"max-image-preview:large","max-video-preview":"max-video-preview:-1"},"canonical":"https:\/\/la-pe-pite-de-big-or.fr\/en\/produit\/quartz-amethyste-cathedrale-andilamena-andranotokana-alaotra-mangoro-toamasina-madagascar\/","og_locale":"en_GB","og_type":"article","og_title":"[:fr]Quartz Am\u00e9thyste Cath\u00e9drale - Andilamena, Andranotokana, Alaotra Mangoro, Toamasina, MADAGASCAR[:en]Amethyst Cathedral Quartz - Andilamena, Andranotokana, Alaotra Mangoro, Toamasina, MADAGASCAR[:] - La P\u00e9-Pite de Big'Or","og_description":"Le Cristal Lig\u00e9rien, boutique de Min\u00e9raux de collection Fran\u00e7ais et du monde entier. Les petits comme les gros budgets trouveront ici leurs tr\u00e9sors.","og_url":"https:\/\/la-pe-pite-de-big-or.fr\/en\/product\/quartz-amethyste-cathedrale-andilamena-andranotokana-alaotra-mangoro-toamasina-madagascar\/","og_site_name":"La P\u00e9-Pite de Big'Or","article_publisher":"https:\/\/www.facebook.com\/lecristalligerien","article_modified_time":"2023-11-08T22:01:59+00:00","og_image":[{"width":2560,"height":1440,"url":"https:\/\/la-pe-pite-de-big-or.fr\/wp-content\/uploads\/2021\/11\/QUA3_20200807_181305-scaled.jpg","type":"image\/jpeg"}],"twitter_card":"summary_large_image","twitter_misc":{"Estimated reading time":"1 minute"},"schema":{"@context":"https:\/\/schema.org","@graph":[{"@type":"WebPage","@id":"https:\/\/la-pe-pite-de-big-or.fr\/produit\/quartz-amethyste-cathedrale-andilamena-andranotokana-alaotra-mangoro-toamasina-madagascar\/","url":"https:\/\/la-pe-pite-de-big-or.fr\/produit\/quartz-amethyste-cathedrale-andilamena-andranotokana-alaotra-mangoro-toamasina-madagascar\/","name":"Amethyst Cathedral Quartz - Andilamena, Andranotokana, Alaotra Mangoro, Toamasina, MADAGASCAR","isPartOf":{"@id":"https:\/\/la-pe-pite-de-big-or.fr\/#website"},"primaryImageOfPage":{"@id":"https:\/\/la-pe-pite-de-big-or.fr\/produit\/quartz-amethyste-cathedrale-andilamena-andranotokana-alaotra-mangoro-toamasina-madagascar\/#primaryimage"},"image":{"@id":"https:\/\/la-pe-pite-de-big-or.fr\/produit\/quartz-amethyste-cathedrale-andilamena-andranotokana-alaotra-mangoro-toamasina-madagascar\/#primaryimage"},"thumbnailUrl":"https:\/\/la-pe-pite-de-big-or.fr\/wp-content\/uploads\/2021\/11\/QUA3_20200807_181305-scaled.jpg","datePublished":"2021-11-26T17:03:06+00:00","dateModified":"2023-11-08T22:01:59+00:00","description":"Le Cristal Lig\u00e9rien, boutique de Min\u00e9raux de collection Fran\u00e7ais et du monde entier. Les petits comme les gros budgets trouveront ici leurs tr\u00e9sors.","breadcrumb":{"@id":"https:\/\/la-pe-pite-de-big-or.fr\/produit\/quartz-amethyste-cathedrale-andilamena-andranotokana-alaotra-mangoro-toamasina-madagascar\/#breadcrumb"},"inLanguage":"en-GB","potentialAction":[{"@type":"ReadAction","target":["https:\/\/la-pe-pite-de-big-or.fr\/produit\/quartz-amethyste-cathedrale-andilamena-andranotokana-alaotra-mangoro-toamasina-madagascar\/"]}]},{"@type":"ImageObject","inLanguage":"en-GB","@id":"https:\/\/la-pe-pite-de-big-or.fr\/produit\/quartz-amethyste-cathedrale-andilamena-andranotokana-alaotra-mangoro-toamasina-madagascar\/#primaryimage","url":"https:\/\/la-pe-pite-de-big-or.fr\/wp-content\/uploads\/2021\/11\/QUA3_20200807_181305-scaled.jpg","contentUrl":"https:\/\/la-pe-pite-de-big-or.fr\/wp-content\/uploads\/2021\/11\/QUA3_20200807_181305-scaled.jpg","width":2560,"height":1440},{"@type":"BreadcrumbList","@id":"https:\/\/la-pe-pite-de-big-or.fr\/produit\/quartz-amethyste-cathedrale-andilamena-andranotokana-alaotra-mangoro-toamasina-madagascar\/#breadcrumb","itemListElement":[{"@type":"ListItem","position":1,"name":"Accueil","item":"https:\/\/la-pe-pite-de-big-or.fr\/"},{"@type":"ListItem","position":2,"name":"Boutique","item":"https:\/\/la-pe-pite-de-big-or.fr\/boutique\/"},{"@type":"ListItem","position":3,"name":"Quartz Am\u00e9thyste Cath\u00e9drale &#8211; Andilamena, Andranotokana, Alaotra Mangoro, Toamasina, MADAGASCAR"}]},{"@type":"WebSite","@id":"https:\/\/la-pe-pite-de-big-or.fr\/#website","url":"https:\/\/la-pe-pite-de-big-or.fr\/","name":"La P\u00e9-Pite de Big'Or","description":"Quality mineralogy for everyone !","publisher":{"@id":"https:\/\/la-pe-pite-de-big-or.fr\/#organization"},"potentialAction":[{"@type":"SearchAction","target":{"@type":"EntryPoint","urlTemplate":"https:\/\/la-pe-pite-de-big-or.fr\/?s={search_term_string}"},"query-input":{"@type":"PropertyValueSpecification","valueRequired":true,"valueName":"search_term_string"}}],"inLanguage":"en-GB"},{"@type":"Organization","@id":"https:\/\/la-pe-pite-de-big-or.fr\/#organization","name":"Le Cristal Lig\u00e9rien","url":"https:\/\/la-pe-pite-de-big-or.fr\/","logo":{"@type":"ImageObject","inLanguage":"en-GB","@id":"https:\/\/la-pe-pite-de-big-or.fr\/#\/schema\/logo\/image\/","url":"https:\/\/la-pe-pite-de-big-or.fr\/wp-content\/uploads\/2020\/10\/1-e1602017113481.png","contentUrl":"https:\/\/la-pe-pite-de-big-or.fr\/wp-content\/uploads\/2020\/10\/1-e1602017113481.png","width":1444,"height":938,"caption":"Le Cristal Lig\u00e9rien"},"image":{"@id":"https:\/\/la-pe-pite-de-big-or.fr\/#\/schema\/logo\/image\/"},"sameAs":["https:\/\/www.facebook.com\/lecristalligerien"]}]}},"jetpack_sharing_enabled":true,"_links":{"self":[{"href":"https:\/\/la-pe-pite-de-big-or.fr\/en\/wp-json\/wp\/v2\/product\/2164","targetHints":{"allow":["GET"]}}],"collection":[{"href":"https:\/\/la-pe-pite-de-big-or.fr\/en\/wp-json\/wp\/v2\/product"}],"about":[{"href":"https:\/\/la-pe-pite-de-big-or.fr\/en\/wp-json\/wp\/v2\/types\/product"}],"wp:featuredmedia":[{"embeddable":true,"href":"https:\/\/la-pe-pite-de-big-or.fr\/en\/wp-json\/wp\/v2\/media\/2052"}],"wp:attachment":[{"href":"https:\/\/la-pe-pite-de-big-or.fr\/en\/wp-json\/wp\/v2\/media?parent=2164"}],"wp:term":[{"taxonomy":"product_brand","embeddable":true,"href":"https:\/\/la-pe-pite-de-big-or.fr\/en\/wp-json\/wp\/v2\/product_brand?post=2164"},{"taxonomy":"product_cat","embeddable":true,"href":"https:\/\/la-pe-pite-de-big-or.fr\/en\/wp-json\/wp\/v2\/product_cat?post=2164"},{"taxonomy":"product_tag","embeddable":true,"href":"https:\/\/la-pe-pite-de-big-or.fr\/en\/wp-json\/wp\/v2\/product_tag?post=2164"}],"curies":[{"name":"wp","href":"https:\/\/api.w.org\/{rel}","templated":true}]}}