{"id":2200,"date":"2021-11-26T23:17:22","date_gmt":"2021-11-26T23:17:22","guid":{"rendered":"https:\/\/la-pe-pite-de-big-or.fr\/?post_type=product&#038;p=2200"},"modified":"2022-05-16T14:12:56","modified_gmt":"2022-05-16T14:12:56","slug":"goshenite-rare-avec-3-cristaux-paralleles-et-muscovite-sur-son-cristal-dorthose-mine-xuebaoding-pingwu-sichuan-chine","status":"publish","type":"product","link":"https:\/\/la-pe-pite-de-big-or.fr\/en\/product\/goshenite-rare-avec-3-cristaux-paralleles-et-muscovite-sur-son-cristal-dorthose-mine-xuebaoding-pingwu-sichuan-chine\/","title":{"rendered":"Rare Goshenite with 3 Parallel Crystals and Muscovite on its Orthose Crystal, Xuebaoding Mine, Pingwu, Sichuan, CHINA"},"content":{"rendered":"<p>Rare Goshenite with 3 Parallel Crystals and Muscovite on its Orthose Crystal<\/p>\n<p>Location : Xuebaoding Mine, Pingwu, Sichuan, CHINA<\/p>\n<p>Dimensions : HT 4 X W 6 X D 4,5 cm<\/p>\n<p>PRICE : 170 \u20ac<\/p>\n<p>Reference : 0494-LCL<\/p>\n<p><iframe loading=\"lazy\" src=\"https:\/\/player.vimeo.com\/video\/641963805?h=742da3ac66&amp;dnt=1&amp;app_id=122963\" width=\"980\" height=\"735\" frameborder=\"0\" allow=\"autoplay; fullscreen; picture-in-picture\" allowfullscreen><\/iframe><\/p>","protected":false},"excerpt":{"rendered":"<p>Rare Goshenite with 3 Parallel Crystals and Muscovite on its Orthose Crystal Location : Xuebaoding Mine, Pingwu, Sichuan, CHINA Dimensions : HT 4 X W 6 X D 4,5 cm PRICE : 170 \u20ac Reference : 0494-LCL<\/p>","protected":false},"featured_media":2050,"template":"","meta":[],"product_brand":[],"product_cat":[242,341,404,342,237,405,221],"product_tag":[407,406,408,409,265,261,52],"class_list":{"0":"post-2200","1":"product","2":"type-product","3":"status-publish","4":"has-post-thumbnail","6":"product_cat-beryl-famille","7":"product_cat-feldspaths","8":"product_cat-goshenite","9":"product_cat-microcline","10":"product_cat-mineraux-de-chine","11":"product_cat-muscovite","12":"product_cat-8-silicates","13":"product_tag-beryl","14":"product_tag-goshenite","15":"product_tag-muscovite","16":"product_tag-pingwu","17":"product_tag-rare","18":"product_tag-xuebaoding","19":"product_tag-chine","21":"first","22":"outofstock","23":"shipping-taxable","24":"purchasable","25":"product-type-simple"},"yoast_head":"<!-- This site is optimized with the Yoast SEO plugin v27.4 - https:\/\/yoast.com\/product\/yoast-seo-wordpress\/ -->\n<title>Rare Goshenite with 3 Parallel Crystals and Muscovite on its Orthose Crystal, Xuebaoding Mine, Pingwu, Sichuan, CHINA<\/title>\n<meta name=\"description\" content=\"Le Cristal Lig\u00e9rien, boutique de Min\u00e9raux de collection Fran\u00e7ais et du monde entier. Les petits comme les gros budgets trouveront ici leurs tr\u00e9sors.\" \/>\n<meta name=\"robots\" content=\"index, follow, max-snippet:-1, max-image-preview:large, max-video-preview:-1\" \/>\n<link rel=\"canonical\" href=\"https:\/\/la-pe-pite-de-big-or.fr\/en\/product\/goshenite-rare-avec-3-cristaux-paralleles-et-muscovite-sur-son-cristal-dorthose-mine-xuebaoding-pingwu-sichuan-chine\/\" \/>\n<meta property=\"og:locale\" content=\"en_GB\" \/>\n<meta property=\"og:locale:alternate\" content=\"fr_FR\" \/>\n<meta property=\"og:type\" content=\"article\" \/>\n<meta property=\"og:title\" content=\"Rare Goshenite with 3 Parallel Crystals and Muscovite on its Orthose Crystal, Xuebaoding Mine, Pingwu, Sichuan, CHINA\" \/>\n<meta property=\"og:description\" content=\"Le Cristal Lig\u00e9rien, boutique de Min\u00e9raux de collection Fran\u00e7ais et du monde entier. Les petits comme les gros budgets trouveront ici leurs tr\u00e9sors.\" \/>\n<meta property=\"og:url\" content=\"https:\/\/la-pe-pite-de-big-or.fr\/en\/product\/goshenite-rare-avec-3-cristaux-paralleles-et-muscovite-sur-son-cristal-dorthose-mine-xuebaoding-pingwu-sichuan-chine\/\" \/>\n<meta property=\"og:site_name\" content=\"La P\u00e9-Pite de Big&#039;Or\" \/>\n<meta property=\"article:publisher\" content=\"https:\/\/www.facebook.com\/lecristalligerien\" \/>\n<meta property=\"article:modified_time\" content=\"2022-05-16T14:12:56+00:00\" \/>\n<meta property=\"og:image\" content=\"https:\/\/la-pe-pite-de-big-or.fr\/wp-content\/uploads\/2021\/11\/20211103_145959-scaled.jpg\" \/>\n\t<meta property=\"og:image:width\" content=\"2560\" \/>\n\t<meta property=\"og:image:height\" content=\"1920\" \/>\n\t<meta property=\"og:image:type\" content=\"image\/jpeg\" \/>\n<meta name=\"twitter:card\" content=\"summary_large_image\" \/>\n<script type=\"application\/ld+json\" class=\"yoast-schema-graph\">{\"@context\":\"https:\\\/\\\/schema.org\",\"@graph\":[{\"@type\":\"WebPage\",\"@id\":\"https:\\\/\\\/la-pe-pite-de-big-or.fr\\\/en\\\/product\\\/goshenite-rare-avec-3-cristaux-paralleles-et-muscovite-sur-son-cristal-dorthose-mine-xuebaoding-pingwu-sichuan-chine\\\/\",\"url\":\"https:\\\/\\\/la-pe-pite-de-big-or.fr\\\/en\\\/product\\\/goshenite-rare-avec-3-cristaux-paralleles-et-muscovite-sur-son-cristal-dorthose-mine-xuebaoding-pingwu-sichuan-chine\\\/\",\"name\":\"Rare Goshenite with 3 Parallel Crystals and Muscovite on its Orthose Crystal, Xuebaoding Mine, Pingwu, Sichuan, CHINA\",\"isPartOf\":{\"@id\":\"https:\\\/\\\/la-pe-pite-de-big-or.fr\\\/#website\"},\"primaryImageOfPage\":{\"@id\":\"https:\\\/\\\/la-pe-pite-de-big-or.fr\\\/en\\\/product\\\/goshenite-rare-avec-3-cristaux-paralleles-et-muscovite-sur-son-cristal-dorthose-mine-xuebaoding-pingwu-sichuan-chine\\\/#primaryimage\"},\"image\":{\"@id\":\"https:\\\/\\\/la-pe-pite-de-big-or.fr\\\/en\\\/product\\\/goshenite-rare-avec-3-cristaux-paralleles-et-muscovite-sur-son-cristal-dorthose-mine-xuebaoding-pingwu-sichuan-chine\\\/#primaryimage\"},\"thumbnailUrl\":\"https:\\\/\\\/la-pe-pite-de-big-or.fr\\\/wp-content\\\/uploads\\\/2021\\\/11\\\/20211103_145959-scaled.jpg\",\"datePublished\":\"2021-11-26T23:17:22+00:00\",\"dateModified\":\"2022-05-16T14:12:56+00:00\",\"description\":\"Le Cristal Lig\u00e9rien, boutique de Min\u00e9raux de collection Fran\u00e7ais et du monde entier. Les petits comme les gros budgets trouveront ici leurs tr\u00e9sors.\",\"breadcrumb\":{\"@id\":\"https:\\\/\\\/la-pe-pite-de-big-or.fr\\\/en\\\/product\\\/goshenite-rare-avec-3-cristaux-paralleles-et-muscovite-sur-son-cristal-dorthose-mine-xuebaoding-pingwu-sichuan-chine\\\/#breadcrumb\"},\"inLanguage\":\"en-GB\",\"potentialAction\":[{\"@type\":\"ReadAction\",\"target\":[\"https:\\\/\\\/la-pe-pite-de-big-or.fr\\\/en\\\/product\\\/goshenite-rare-avec-3-cristaux-paralleles-et-muscovite-sur-son-cristal-dorthose-mine-xuebaoding-pingwu-sichuan-chine\\\/\"]}]},{\"@type\":\"ImageObject\",\"inLanguage\":\"en-GB\",\"@id\":\"https:\\\/\\\/la-pe-pite-de-big-or.fr\\\/en\\\/product\\\/goshenite-rare-avec-3-cristaux-paralleles-et-muscovite-sur-son-cristal-dorthose-mine-xuebaoding-pingwu-sichuan-chine\\\/#primaryimage\",\"url\":\"https:\\\/\\\/la-pe-pite-de-big-or.fr\\\/wp-content\\\/uploads\\\/2021\\\/11\\\/20211103_145959-scaled.jpg\",\"contentUrl\":\"https:\\\/\\\/la-pe-pite-de-big-or.fr\\\/wp-content\\\/uploads\\\/2021\\\/11\\\/20211103_145959-scaled.jpg\",\"width\":2560,\"height\":1920},{\"@type\":\"BreadcrumbList\",\"@id\":\"https:\\\/\\\/la-pe-pite-de-big-or.fr\\\/en\\\/product\\\/goshenite-rare-avec-3-cristaux-paralleles-et-muscovite-sur-son-cristal-dorthose-mine-xuebaoding-pingwu-sichuan-chine\\\/#breadcrumb\",\"itemListElement\":[{\"@type\":\"ListItem\",\"position\":1,\"name\":\"Accueil\",\"item\":\"https:\\\/\\\/la-pe-pite-de-big-or.fr\\\/\"},{\"@type\":\"ListItem\",\"position\":2,\"name\":\"Boutique\",\"item\":\"https:\\\/\\\/la-pe-pite-de-big-or.fr\\\/boutique\\\/\"},{\"@type\":\"ListItem\",\"position\":3,\"name\":\"Rare Goshenite with 3 Parallel Crystals and Muscovite on its Orthose Crystal, Xuebaoding Mine, Pingwu, Sichuan, CHINA\"}]},{\"@type\":\"WebSite\",\"@id\":\"https:\\\/\\\/la-pe-pite-de-big-or.fr\\\/#website\",\"url\":\"https:\\\/\\\/la-pe-pite-de-big-or.fr\\\/\",\"name\":\"La P\u00e9-Pite de Big'Or\",\"description\":\"Quality mineralogy for everyone !\",\"publisher\":{\"@id\":\"https:\\\/\\\/la-pe-pite-de-big-or.fr\\\/#organization\"},\"potentialAction\":[{\"@type\":\"SearchAction\",\"target\":{\"@type\":\"EntryPoint\",\"urlTemplate\":\"https:\\\/\\\/la-pe-pite-de-big-or.fr\\\/?s={search_term_string}\"},\"query-input\":{\"@type\":\"PropertyValueSpecification\",\"valueRequired\":true,\"valueName\":\"search_term_string\"}}],\"inLanguage\":\"en-GB\"},{\"@type\":\"Organization\",\"@id\":\"https:\\\/\\\/la-pe-pite-de-big-or.fr\\\/#organization\",\"name\":\"Le Cristal Lig\u00e9rien\",\"url\":\"https:\\\/\\\/la-pe-pite-de-big-or.fr\\\/\",\"logo\":{\"@type\":\"ImageObject\",\"inLanguage\":\"en-GB\",\"@id\":\"https:\\\/\\\/la-pe-pite-de-big-or.fr\\\/#\\\/schema\\\/logo\\\/image\\\/\",\"url\":\"https:\\\/\\\/la-pe-pite-de-big-or.fr\\\/wp-content\\\/uploads\\\/2020\\\/10\\\/1-e1602017113481.png\",\"contentUrl\":\"https:\\\/\\\/la-pe-pite-de-big-or.fr\\\/wp-content\\\/uploads\\\/2020\\\/10\\\/1-e1602017113481.png\",\"width\":1444,\"height\":938,\"caption\":\"Le Cristal Lig\u00e9rien\"},\"image\":{\"@id\":\"https:\\\/\\\/la-pe-pite-de-big-or.fr\\\/#\\\/schema\\\/logo\\\/image\\\/\"},\"sameAs\":[\"https:\\\/\\\/www.facebook.com\\\/lecristalligerien\"]}]}<\/script>\n<!-- \/ Yoast SEO plugin. -->","yoast_head_json":{"title":"Rare Goshenite with 3 Parallel Crystals and Muscovite on its Orthose Crystal, Xuebaoding Mine, Pingwu, Sichuan, CHINA","description":"Le Cristal Lig\u00e9rien, boutique de Min\u00e9raux de collection Fran\u00e7ais et du monde entier. Les petits comme les gros budgets trouveront ici leurs tr\u00e9sors.","robots":{"index":"index","follow":"follow","max-snippet":"max-snippet:-1","max-image-preview":"max-image-preview:large","max-video-preview":"max-video-preview:-1"},"canonical":"https:\/\/la-pe-pite-de-big-or.fr\/en\/product\/goshenite-rare-avec-3-cristaux-paralleles-et-muscovite-sur-son-cristal-dorthose-mine-xuebaoding-pingwu-sichuan-chine\/","og_locale":"en_GB","og_type":"article","og_title":"[:fr]Gosh\u00e9nite Rare avec 3 Cristaux Parall\u00e8les et Muscovite sur son Cristal d'Orthose, Mine Xuebaoding, Pingwu, Sichuan, CHINE[:en]Rare Goshenite with 3 Parallel Crystals and Muscovite on its Orthose Crystal, Xuebaoding Mine, Pingwu, Sichuan, CHINA[:] - La P\u00e9-Pite de Big'Or","og_description":"Le Cristal Lig\u00e9rien, boutique de Min\u00e9raux de collection Fran\u00e7ais et du monde entier. Les petits comme les gros budgets trouveront ici leurs tr\u00e9sors.","og_url":"https:\/\/la-pe-pite-de-big-or.fr\/en\/product\/goshenite-rare-avec-3-cristaux-paralleles-et-muscovite-sur-son-cristal-dorthose-mine-xuebaoding-pingwu-sichuan-chine\/","og_site_name":"La P\u00e9-Pite de Big'Or","article_publisher":"https:\/\/www.facebook.com\/lecristalligerien","article_modified_time":"2022-05-16T14:12:56+00:00","og_image":[{"width":2560,"height":1920,"url":"https:\/\/la-pe-pite-de-big-or.fr\/wp-content\/uploads\/2021\/11\/20211103_145959-scaled.jpg","type":"image\/jpeg"}],"twitter_card":"summary_large_image","schema":{"@context":"https:\/\/schema.org","@graph":[{"@type":"WebPage","@id":"https:\/\/la-pe-pite-de-big-or.fr\/en\/product\/goshenite-rare-avec-3-cristaux-paralleles-et-muscovite-sur-son-cristal-dorthose-mine-xuebaoding-pingwu-sichuan-chine\/","url":"https:\/\/la-pe-pite-de-big-or.fr\/en\/product\/goshenite-rare-avec-3-cristaux-paralleles-et-muscovite-sur-son-cristal-dorthose-mine-xuebaoding-pingwu-sichuan-chine\/","name":"Rare Goshenite with 3 Parallel Crystals and Muscovite on its Orthose Crystal, Xuebaoding Mine, Pingwu, Sichuan, CHINA","isPartOf":{"@id":"https:\/\/la-pe-pite-de-big-or.fr\/#website"},"primaryImageOfPage":{"@id":"https:\/\/la-pe-pite-de-big-or.fr\/en\/product\/goshenite-rare-avec-3-cristaux-paralleles-et-muscovite-sur-son-cristal-dorthose-mine-xuebaoding-pingwu-sichuan-chine\/#primaryimage"},"image":{"@id":"https:\/\/la-pe-pite-de-big-or.fr\/en\/product\/goshenite-rare-avec-3-cristaux-paralleles-et-muscovite-sur-son-cristal-dorthose-mine-xuebaoding-pingwu-sichuan-chine\/#primaryimage"},"thumbnailUrl":"https:\/\/la-pe-pite-de-big-or.fr\/wp-content\/uploads\/2021\/11\/20211103_145959-scaled.jpg","datePublished":"2021-11-26T23:17:22+00:00","dateModified":"2022-05-16T14:12:56+00:00","description":"Le Cristal Lig\u00e9rien, boutique de Min\u00e9raux de collection Fran\u00e7ais et du monde entier. Les petits comme les gros budgets trouveront ici leurs tr\u00e9sors.","breadcrumb":{"@id":"https:\/\/la-pe-pite-de-big-or.fr\/en\/product\/goshenite-rare-avec-3-cristaux-paralleles-et-muscovite-sur-son-cristal-dorthose-mine-xuebaoding-pingwu-sichuan-chine\/#breadcrumb"},"inLanguage":"en-GB","potentialAction":[{"@type":"ReadAction","target":["https:\/\/la-pe-pite-de-big-or.fr\/en\/product\/goshenite-rare-avec-3-cristaux-paralleles-et-muscovite-sur-son-cristal-dorthose-mine-xuebaoding-pingwu-sichuan-chine\/"]}]},{"@type":"ImageObject","inLanguage":"en-GB","@id":"https:\/\/la-pe-pite-de-big-or.fr\/en\/product\/goshenite-rare-avec-3-cristaux-paralleles-et-muscovite-sur-son-cristal-dorthose-mine-xuebaoding-pingwu-sichuan-chine\/#primaryimage","url":"https:\/\/la-pe-pite-de-big-or.fr\/wp-content\/uploads\/2021\/11\/20211103_145959-scaled.jpg","contentUrl":"https:\/\/la-pe-pite-de-big-or.fr\/wp-content\/uploads\/2021\/11\/20211103_145959-scaled.jpg","width":2560,"height":1920},{"@type":"BreadcrumbList","@id":"https:\/\/la-pe-pite-de-big-or.fr\/en\/product\/goshenite-rare-avec-3-cristaux-paralleles-et-muscovite-sur-son-cristal-dorthose-mine-xuebaoding-pingwu-sichuan-chine\/#breadcrumb","itemListElement":[{"@type":"ListItem","position":1,"name":"Accueil","item":"https:\/\/la-pe-pite-de-big-or.fr\/"},{"@type":"ListItem","position":2,"name":"Boutique","item":"https:\/\/la-pe-pite-de-big-or.fr\/boutique\/"},{"@type":"ListItem","position":3,"name":"Rare Goshenite with 3 Parallel Crystals and Muscovite on its Orthose Crystal, Xuebaoding Mine, Pingwu, Sichuan, CHINA"}]},{"@type":"WebSite","@id":"https:\/\/la-pe-pite-de-big-or.fr\/#website","url":"https:\/\/la-pe-pite-de-big-or.fr\/","name":"La P\u00e9-Pite de Big'Or","description":"Quality mineralogy for everyone !","publisher":{"@id":"https:\/\/la-pe-pite-de-big-or.fr\/#organization"},"potentialAction":[{"@type":"SearchAction","target":{"@type":"EntryPoint","urlTemplate":"https:\/\/la-pe-pite-de-big-or.fr\/?s={search_term_string}"},"query-input":{"@type":"PropertyValueSpecification","valueRequired":true,"valueName":"search_term_string"}}],"inLanguage":"en-GB"},{"@type":"Organization","@id":"https:\/\/la-pe-pite-de-big-or.fr\/#organization","name":"Le Cristal Lig\u00e9rien","url":"https:\/\/la-pe-pite-de-big-or.fr\/","logo":{"@type":"ImageObject","inLanguage":"en-GB","@id":"https:\/\/la-pe-pite-de-big-or.fr\/#\/schema\/logo\/image\/","url":"https:\/\/la-pe-pite-de-big-or.fr\/wp-content\/uploads\/2020\/10\/1-e1602017113481.png","contentUrl":"https:\/\/la-pe-pite-de-big-or.fr\/wp-content\/uploads\/2020\/10\/1-e1602017113481.png","width":1444,"height":938,"caption":"Le Cristal Lig\u00e9rien"},"image":{"@id":"https:\/\/la-pe-pite-de-big-or.fr\/#\/schema\/logo\/image\/"},"sameAs":["https:\/\/www.facebook.com\/lecristalligerien"]}]}},"jetpack_sharing_enabled":true,"_links":{"self":[{"href":"https:\/\/la-pe-pite-de-big-or.fr\/en\/wp-json\/wp\/v2\/product\/2200","targetHints":{"allow":["GET"]}}],"collection":[{"href":"https:\/\/la-pe-pite-de-big-or.fr\/en\/wp-json\/wp\/v2\/product"}],"about":[{"href":"https:\/\/la-pe-pite-de-big-or.fr\/en\/wp-json\/wp\/v2\/types\/product"}],"wp:featuredmedia":[{"embeddable":true,"href":"https:\/\/la-pe-pite-de-big-or.fr\/en\/wp-json\/wp\/v2\/media\/2050"}],"wp:attachment":[{"href":"https:\/\/la-pe-pite-de-big-or.fr\/en\/wp-json\/wp\/v2\/media?parent=2200"}],"wp:term":[{"taxonomy":"product_brand","embeddable":true,"href":"https:\/\/la-pe-pite-de-big-or.fr\/en\/wp-json\/wp\/v2\/product_brand?post=2200"},{"taxonomy":"product_cat","embeddable":true,"href":"https:\/\/la-pe-pite-de-big-or.fr\/en\/wp-json\/wp\/v2\/product_cat?post=2200"},{"taxonomy":"product_tag","embeddable":true,"href":"https:\/\/la-pe-pite-de-big-or.fr\/en\/wp-json\/wp\/v2\/product_tag?post=2200"}],"curies":[{"name":"wp","href":"https:\/\/api.w.org\/{rel}","templated":true}]}}