{"id":2323,"date":"2021-11-27T23:36:38","date_gmt":"2021-11-27T23:36:38","guid":{"rendered":"https:\/\/la-pe-pite-de-big-or.fr\/?post_type=product&#038;p=2323"},"modified":"2022-04-23T20:31:45","modified_gmt":"2022-04-23T20:31:45","slug":"sphalerite-flottante-piece-tres-rare-chantier-de-falcacci-mine-rio-marina-ile-delbe-italie","status":"publish","type":"product","link":"https:\/\/la-pe-pite-de-big-or.fr\/en\/product\/sphalerite-flottante-piece-tres-rare-chantier-de-falcacci-mine-rio-marina-ile-delbe-italie\/","title":{"rendered":"Floating sphalerite (Very Rare Piece), Falcacci Mine, Rio Marina Mine, Elba Island, ITALY"},"content":{"rendered":"<p>Floating sphalerite \u00ab\u00a0Very Rare Piece\u00a0\u00bb<\/p>\n<p>Location : Falcacci&rsquo;s yard, Rio Marina mine, Elba island, ITALY<\/p>\n<p>Dimensions : HT 2,3 X W 2,2 X D 1,8 cm<\/p>\n<p>PRICE : 95 \u20ac<\/p>\n<p>Reference : 0484-LCL<\/p>\n<p><iframe loading=\"lazy\" src=\"https:\/\/player.vimeo.com\/video\/639676987?h=0d0fe35b4c&amp;dnt=1&amp;app_id=122963\" width=\"980\" height=\"735\" frameborder=\"0\" allow=\"autoplay; fullscreen; picture-in-picture\" allowfullscreen><\/iframe><\/p>","protected":false},"excerpt":{"rendered":"<p>Floating sphalerite \u00ab\u00a0Very Rare Piece\u00a0\u00bb Location : Falcacci&rsquo;s yard, Rio Marina mine, Elba island, ITALY Dimensions : HT 2,3 X W 2,2 X D 1,8 cm PRICE : 95 \u20ac Reference : 0484-LCL<\/p>","protected":false},"featured_media":2112,"template":"","meta":[],"product_brand":[],"product_cat":[215,410,249,395],"product_tag":[413,412,411,265,397],"class_list":{"0":"post-2323","1":"product","2":"type-product","3":"status-publish","4":"has-post-thumbnail","6":"product_cat-2-sulfures-et-sulfosels","7":"product_cat-mineraux-ditalie","8":"product_cat-nouveautes","9":"product_cat-sphalerite","10":"product_tag-falcacci","11":"product_tag-ile-delbe","12":"product_tag-italie","13":"product_tag-rare","14":"product_tag-sphalerite","16":"first","17":"outofstock","18":"shipping-taxable","19":"purchasable","20":"product-type-simple"},"yoast_head":"<!-- This site is optimized with the Yoast SEO plugin v27.4 - https:\/\/yoast.com\/product\/yoast-seo-wordpress\/ -->\n<title>Floating sphalerite (Very Rare Piece), Falcacci Mine, Rio Marina Mine, Elba Island, ITALY<\/title>\n<meta name=\"description\" content=\"Le Cristal Lig\u00e9rien, boutique de Min\u00e9raux de collection Fran\u00e7ais et du monde entier. Les petits comme les gros budgets trouveront ici leurs tr\u00e9sors.\" \/>\n<meta name=\"robots\" content=\"index, follow, max-snippet:-1, max-image-preview:large, max-video-preview:-1\" \/>\n<link rel=\"canonical\" href=\"https:\/\/la-pe-pite-de-big-or.fr\/en\/produit\/sphalerite-flottante-piece-tres-rare-chantier-de-falcacci-mine-rio-marina-ile-delbe-italie\/\" \/>\n<meta property=\"og:locale\" content=\"en_GB\" \/>\n<meta property=\"og:locale:alternate\" content=\"fr_FR\" \/>\n<meta property=\"og:type\" content=\"article\" \/>\n<meta property=\"og:title\" content=\"Floating sphalerite (Very Rare Piece), Falcacci Mine, Rio Marina Mine, Elba Island, ITALY\" \/>\n<meta property=\"og:description\" content=\"Le Cristal Lig\u00e9rien, boutique de Min\u00e9raux de collection Fran\u00e7ais et du monde entier. Les petits comme les gros budgets trouveront ici leurs tr\u00e9sors.\" \/>\n<meta property=\"og:url\" content=\"https:\/\/la-pe-pite-de-big-or.fr\/en\/product\/sphalerite-flottante-piece-tres-rare-chantier-de-falcacci-mine-rio-marina-ile-delbe-italie\/\" \/>\n<meta property=\"og:site_name\" content=\"La P\u00e9-Pite de Big&#039;Or\" \/>\n<meta property=\"article:publisher\" content=\"https:\/\/www.facebook.com\/lecristalligerien\" \/>\n<meta property=\"article:modified_time\" content=\"2022-04-23T20:31:45+00:00\" \/>\n<meta property=\"og:image\" content=\"https:\/\/la-pe-pite-de-big-or.fr\/wp-content\/uploads\/2021\/11\/20211021_225736-min-scaled.jpg\" \/>\n\t<meta property=\"og:image:width\" content=\"2560\" \/>\n\t<meta property=\"og:image:height\" content=\"1920\" \/>\n\t<meta property=\"og:image:type\" content=\"image\/jpeg\" \/>\n<meta name=\"twitter:card\" content=\"summary_large_image\" \/>\n<script type=\"application\/ld+json\" class=\"yoast-schema-graph\">{\"@context\":\"https:\\\/\\\/schema.org\",\"@graph\":[{\"@type\":\"WebPage\",\"@id\":\"https:\\\/\\\/la-pe-pite-de-big-or.fr\\\/produit\\\/sphalerite-flottante-piece-tres-rare-chantier-de-falcacci-mine-rio-marina-ile-delbe-italie\\\/\",\"url\":\"https:\\\/\\\/la-pe-pite-de-big-or.fr\\\/produit\\\/sphalerite-flottante-piece-tres-rare-chantier-de-falcacci-mine-rio-marina-ile-delbe-italie\\\/\",\"name\":\"Floating sphalerite (Very Rare Piece), Falcacci Mine, Rio Marina Mine, Elba Island, ITALY\",\"isPartOf\":{\"@id\":\"https:\\\/\\\/la-pe-pite-de-big-or.fr\\\/#website\"},\"primaryImageOfPage\":{\"@id\":\"https:\\\/\\\/la-pe-pite-de-big-or.fr\\\/produit\\\/sphalerite-flottante-piece-tres-rare-chantier-de-falcacci-mine-rio-marina-ile-delbe-italie\\\/#primaryimage\"},\"image\":{\"@id\":\"https:\\\/\\\/la-pe-pite-de-big-or.fr\\\/produit\\\/sphalerite-flottante-piece-tres-rare-chantier-de-falcacci-mine-rio-marina-ile-delbe-italie\\\/#primaryimage\"},\"thumbnailUrl\":\"https:\\\/\\\/la-pe-pite-de-big-or.fr\\\/wp-content\\\/uploads\\\/2021\\\/11\\\/20211021_225736-min-scaled.jpg\",\"datePublished\":\"2021-11-27T23:36:38+00:00\",\"dateModified\":\"2022-04-23T20:31:45+00:00\",\"description\":\"Le Cristal Lig\u00e9rien, boutique de Min\u00e9raux de collection Fran\u00e7ais et du monde entier. Les petits comme les gros budgets trouveront ici leurs tr\u00e9sors.\",\"breadcrumb\":{\"@id\":\"https:\\\/\\\/la-pe-pite-de-big-or.fr\\\/produit\\\/sphalerite-flottante-piece-tres-rare-chantier-de-falcacci-mine-rio-marina-ile-delbe-italie\\\/#breadcrumb\"},\"inLanguage\":\"en-GB\",\"potentialAction\":[{\"@type\":\"ReadAction\",\"target\":[\"https:\\\/\\\/la-pe-pite-de-big-or.fr\\\/produit\\\/sphalerite-flottante-piece-tres-rare-chantier-de-falcacci-mine-rio-marina-ile-delbe-italie\\\/\"]}]},{\"@type\":\"ImageObject\",\"inLanguage\":\"en-GB\",\"@id\":\"https:\\\/\\\/la-pe-pite-de-big-or.fr\\\/produit\\\/sphalerite-flottante-piece-tres-rare-chantier-de-falcacci-mine-rio-marina-ile-delbe-italie\\\/#primaryimage\",\"url\":\"https:\\\/\\\/la-pe-pite-de-big-or.fr\\\/wp-content\\\/uploads\\\/2021\\\/11\\\/20211021_225736-min-scaled.jpg\",\"contentUrl\":\"https:\\\/\\\/la-pe-pite-de-big-or.fr\\\/wp-content\\\/uploads\\\/2021\\\/11\\\/20211021_225736-min-scaled.jpg\",\"width\":2560,\"height\":1920},{\"@type\":\"BreadcrumbList\",\"@id\":\"https:\\\/\\\/la-pe-pite-de-big-or.fr\\\/produit\\\/sphalerite-flottante-piece-tres-rare-chantier-de-falcacci-mine-rio-marina-ile-delbe-italie\\\/#breadcrumb\",\"itemListElement\":[{\"@type\":\"ListItem\",\"position\":1,\"name\":\"Accueil\",\"item\":\"https:\\\/\\\/la-pe-pite-de-big-or.fr\\\/\"},{\"@type\":\"ListItem\",\"position\":2,\"name\":\"Boutique\",\"item\":\"https:\\\/\\\/la-pe-pite-de-big-or.fr\\\/boutique\\\/\"},{\"@type\":\"ListItem\",\"position\":3,\"name\":\"Sphal\u00e9rite Flottante (Pi\u00e8ce tr\u00e8s Rare), Chantier de Falcacci, Mine Rio Marina, \u00eele D\u2019Elbe, ITALIE\"}]},{\"@type\":\"WebSite\",\"@id\":\"https:\\\/\\\/la-pe-pite-de-big-or.fr\\\/#website\",\"url\":\"https:\\\/\\\/la-pe-pite-de-big-or.fr\\\/\",\"name\":\"La P\u00e9-Pite de Big'Or\",\"description\":\"Quality mineralogy for everyone !\",\"publisher\":{\"@id\":\"https:\\\/\\\/la-pe-pite-de-big-or.fr\\\/#organization\"},\"potentialAction\":[{\"@type\":\"SearchAction\",\"target\":{\"@type\":\"EntryPoint\",\"urlTemplate\":\"https:\\\/\\\/la-pe-pite-de-big-or.fr\\\/?s={search_term_string}\"},\"query-input\":{\"@type\":\"PropertyValueSpecification\",\"valueRequired\":true,\"valueName\":\"search_term_string\"}}],\"inLanguage\":\"en-GB\"},{\"@type\":\"Organization\",\"@id\":\"https:\\\/\\\/la-pe-pite-de-big-or.fr\\\/#organization\",\"name\":\"Le Cristal Lig\u00e9rien\",\"url\":\"https:\\\/\\\/la-pe-pite-de-big-or.fr\\\/\",\"logo\":{\"@type\":\"ImageObject\",\"inLanguage\":\"en-GB\",\"@id\":\"https:\\\/\\\/la-pe-pite-de-big-or.fr\\\/#\\\/schema\\\/logo\\\/image\\\/\",\"url\":\"https:\\\/\\\/la-pe-pite-de-big-or.fr\\\/wp-content\\\/uploads\\\/2020\\\/10\\\/1-e1602017113481.png\",\"contentUrl\":\"https:\\\/\\\/la-pe-pite-de-big-or.fr\\\/wp-content\\\/uploads\\\/2020\\\/10\\\/1-e1602017113481.png\",\"width\":1444,\"height\":938,\"caption\":\"Le Cristal Lig\u00e9rien\"},\"image\":{\"@id\":\"https:\\\/\\\/la-pe-pite-de-big-or.fr\\\/#\\\/schema\\\/logo\\\/image\\\/\"},\"sameAs\":[\"https:\\\/\\\/www.facebook.com\\\/lecristalligerien\"]}]}<\/script>\n<!-- \/ Yoast SEO plugin. -->","yoast_head_json":{"title":"Floating sphalerite (Very Rare Piece), Falcacci Mine, Rio Marina Mine, Elba Island, ITALY","description":"Le Cristal Lig\u00e9rien, boutique de Min\u00e9raux de collection Fran\u00e7ais et du monde entier. Les petits comme les gros budgets trouveront ici leurs tr\u00e9sors.","robots":{"index":"index","follow":"follow","max-snippet":"max-snippet:-1","max-image-preview":"max-image-preview:large","max-video-preview":"max-video-preview:-1"},"canonical":"https:\/\/la-pe-pite-de-big-or.fr\/en\/produit\/sphalerite-flottante-piece-tres-rare-chantier-de-falcacci-mine-rio-marina-ile-delbe-italie\/","og_locale":"en_GB","og_type":"article","og_title":"[:fr]Sphal\u00e9rite Flottante (Pi\u00e8ce tr\u00e8s Rare), Chantier de Falcacci, Mine Rio Marina, \u00eele D\u2019Elbe, ITALIE[:en]Floating sphalerite (Very Rare Piece), Falcacci Mine, Rio Marina Mine, Elba Island, ITALY[:] - La P\u00e9-Pite de Big'Or","og_description":"Le Cristal Lig\u00e9rien, boutique de Min\u00e9raux de collection Fran\u00e7ais et du monde entier. Les petits comme les gros budgets trouveront ici leurs tr\u00e9sors.","og_url":"https:\/\/la-pe-pite-de-big-or.fr\/en\/product\/sphalerite-flottante-piece-tres-rare-chantier-de-falcacci-mine-rio-marina-ile-delbe-italie\/","og_site_name":"La P\u00e9-Pite de Big'Or","article_publisher":"https:\/\/www.facebook.com\/lecristalligerien","article_modified_time":"2022-04-23T20:31:45+00:00","og_image":[{"width":2560,"height":1920,"url":"https:\/\/la-pe-pite-de-big-or.fr\/wp-content\/uploads\/2021\/11\/20211021_225736-min-scaled.jpg","type":"image\/jpeg"}],"twitter_card":"summary_large_image","schema":{"@context":"https:\/\/schema.org","@graph":[{"@type":"WebPage","@id":"https:\/\/la-pe-pite-de-big-or.fr\/produit\/sphalerite-flottante-piece-tres-rare-chantier-de-falcacci-mine-rio-marina-ile-delbe-italie\/","url":"https:\/\/la-pe-pite-de-big-or.fr\/produit\/sphalerite-flottante-piece-tres-rare-chantier-de-falcacci-mine-rio-marina-ile-delbe-italie\/","name":"Floating sphalerite (Very Rare Piece), Falcacci Mine, Rio Marina Mine, Elba Island, ITALY","isPartOf":{"@id":"https:\/\/la-pe-pite-de-big-or.fr\/#website"},"primaryImageOfPage":{"@id":"https:\/\/la-pe-pite-de-big-or.fr\/produit\/sphalerite-flottante-piece-tres-rare-chantier-de-falcacci-mine-rio-marina-ile-delbe-italie\/#primaryimage"},"image":{"@id":"https:\/\/la-pe-pite-de-big-or.fr\/produit\/sphalerite-flottante-piece-tres-rare-chantier-de-falcacci-mine-rio-marina-ile-delbe-italie\/#primaryimage"},"thumbnailUrl":"https:\/\/la-pe-pite-de-big-or.fr\/wp-content\/uploads\/2021\/11\/20211021_225736-min-scaled.jpg","datePublished":"2021-11-27T23:36:38+00:00","dateModified":"2022-04-23T20:31:45+00:00","description":"Le Cristal Lig\u00e9rien, boutique de Min\u00e9raux de collection Fran\u00e7ais et du monde entier. Les petits comme les gros budgets trouveront ici leurs tr\u00e9sors.","breadcrumb":{"@id":"https:\/\/la-pe-pite-de-big-or.fr\/produit\/sphalerite-flottante-piece-tres-rare-chantier-de-falcacci-mine-rio-marina-ile-delbe-italie\/#breadcrumb"},"inLanguage":"en-GB","potentialAction":[{"@type":"ReadAction","target":["https:\/\/la-pe-pite-de-big-or.fr\/produit\/sphalerite-flottante-piece-tres-rare-chantier-de-falcacci-mine-rio-marina-ile-delbe-italie\/"]}]},{"@type":"ImageObject","inLanguage":"en-GB","@id":"https:\/\/la-pe-pite-de-big-or.fr\/produit\/sphalerite-flottante-piece-tres-rare-chantier-de-falcacci-mine-rio-marina-ile-delbe-italie\/#primaryimage","url":"https:\/\/la-pe-pite-de-big-or.fr\/wp-content\/uploads\/2021\/11\/20211021_225736-min-scaled.jpg","contentUrl":"https:\/\/la-pe-pite-de-big-or.fr\/wp-content\/uploads\/2021\/11\/20211021_225736-min-scaled.jpg","width":2560,"height":1920},{"@type":"BreadcrumbList","@id":"https:\/\/la-pe-pite-de-big-or.fr\/produit\/sphalerite-flottante-piece-tres-rare-chantier-de-falcacci-mine-rio-marina-ile-delbe-italie\/#breadcrumb","itemListElement":[{"@type":"ListItem","position":1,"name":"Accueil","item":"https:\/\/la-pe-pite-de-big-or.fr\/"},{"@type":"ListItem","position":2,"name":"Boutique","item":"https:\/\/la-pe-pite-de-big-or.fr\/boutique\/"},{"@type":"ListItem","position":3,"name":"Sphal\u00e9rite Flottante (Pi\u00e8ce tr\u00e8s Rare), Chantier de Falcacci, Mine Rio Marina, \u00eele D\u2019Elbe, ITALIE"}]},{"@type":"WebSite","@id":"https:\/\/la-pe-pite-de-big-or.fr\/#website","url":"https:\/\/la-pe-pite-de-big-or.fr\/","name":"La P\u00e9-Pite de Big'Or","description":"Quality mineralogy for everyone !","publisher":{"@id":"https:\/\/la-pe-pite-de-big-or.fr\/#organization"},"potentialAction":[{"@type":"SearchAction","target":{"@type":"EntryPoint","urlTemplate":"https:\/\/la-pe-pite-de-big-or.fr\/?s={search_term_string}"},"query-input":{"@type":"PropertyValueSpecification","valueRequired":true,"valueName":"search_term_string"}}],"inLanguage":"en-GB"},{"@type":"Organization","@id":"https:\/\/la-pe-pite-de-big-or.fr\/#organization","name":"Le Cristal Lig\u00e9rien","url":"https:\/\/la-pe-pite-de-big-or.fr\/","logo":{"@type":"ImageObject","inLanguage":"en-GB","@id":"https:\/\/la-pe-pite-de-big-or.fr\/#\/schema\/logo\/image\/","url":"https:\/\/la-pe-pite-de-big-or.fr\/wp-content\/uploads\/2020\/10\/1-e1602017113481.png","contentUrl":"https:\/\/la-pe-pite-de-big-or.fr\/wp-content\/uploads\/2020\/10\/1-e1602017113481.png","width":1444,"height":938,"caption":"Le Cristal Lig\u00e9rien"},"image":{"@id":"https:\/\/la-pe-pite-de-big-or.fr\/#\/schema\/logo\/image\/"},"sameAs":["https:\/\/www.facebook.com\/lecristalligerien"]}]}},"jetpack_sharing_enabled":true,"_links":{"self":[{"href":"https:\/\/la-pe-pite-de-big-or.fr\/en\/wp-json\/wp\/v2\/product\/2323","targetHints":{"allow":["GET"]}}],"collection":[{"href":"https:\/\/la-pe-pite-de-big-or.fr\/en\/wp-json\/wp\/v2\/product"}],"about":[{"href":"https:\/\/la-pe-pite-de-big-or.fr\/en\/wp-json\/wp\/v2\/types\/product"}],"wp:featuredmedia":[{"embeddable":true,"href":"https:\/\/la-pe-pite-de-big-or.fr\/en\/wp-json\/wp\/v2\/media\/2112"}],"wp:attachment":[{"href":"https:\/\/la-pe-pite-de-big-or.fr\/en\/wp-json\/wp\/v2\/media?parent=2323"}],"wp:term":[{"taxonomy":"product_brand","embeddable":true,"href":"https:\/\/la-pe-pite-de-big-or.fr\/en\/wp-json\/wp\/v2\/product_brand?post=2323"},{"taxonomy":"product_cat","embeddable":true,"href":"https:\/\/la-pe-pite-de-big-or.fr\/en\/wp-json\/wp\/v2\/product_cat?post=2323"},{"taxonomy":"product_tag","embeddable":true,"href":"https:\/\/la-pe-pite-de-big-or.fr\/en\/wp-json\/wp\/v2\/product_tag?post=2323"}],"curies":[{"name":"wp","href":"https:\/\/api.w.org\/{rel}","templated":true}]}}