{"id":439,"date":"2020-10-12T11:49:34","date_gmt":"2020-10-12T11:49:34","guid":{"rendered":"https:\/\/la-pe-pite-de-big-or.fr\/?post_type=product&#038;p=439"},"modified":"2023-05-09T01:47:55","modified_gmt":"2023-05-08T23:47:55","slug":"wulfenite-orange-ceinturee-de-baryte","status":"publish","type":"product","link":"https:\/\/la-pe-pite-de-big-or.fr\/en\/product\/wulfenite-orange-ceinturee-de-baryte\/","title":{"rendered":"Baryte \u00ab\u00a0Belted\u00a0\u00bb Orange Wulfenite"},"content":{"rendered":"<p><b>Splendid orange Wulfenite crystals wrapped with white baryte. A nice little piece ideal to start a collection of small minerals at a mini price. \ud83d\ude00 !!<\/b><\/p>\n<p>\u26cf\ufe0f\u00a0<strong>LOCATION :<\/strong> District Minier de Mibladen, Midelt, MAROC<\/p>\n<p><strong>SIZES :<\/strong> HT 4 X L 4 X P 3 cm<\/p>\n<p><strong>WEIGHT :<\/strong> 90 GR<\/p>\n<p>Wulfenite is a mineral species composed of Lead molybdate..<\/p>\n<p>Beautiful little collector&rsquo;s item, enjoy it !! \ud83d\ude00<\/p>","protected":false},"excerpt":{"rendered":"<p>Splendid orange Wulfenite crystals wrapped with white baryte. A nice little piece ideal to start a collection of small minerals at a mini price. \ud83d\ude00 !! \u26cf\ufe0f\u00a0LOCATION : District Minier de Mibladen, Midelt, MAROC SIZES : HT 4 X L 4 X P 3 cm WEIGHT : 90 GR Wulfenite is a mineral species composed [&hellip;]<\/p>\n","protected":false},"featured_media":448,"template":"","meta":[],"product_brand":[],"product_cat":[236,212,220],"product_tag":[260,54,62],"class_list":{"0":"post-439","1":"product","2":"type-product","3":"status-publish","4":"has-post-thumbnail","6":"product_cat-mineraux-du-maroc","7":"product_cat-promo","8":"product_cat-7-phosphates-arseniates-et-vanadates","9":"product_tag-orange","10":"product_tag-maroc","11":"product_tag-wulfenite","13":"first","14":"outofstock","15":"sale","16":"shipping-taxable","17":"purchasable","18":"product-type-simple"},"yoast_head":"<!-- This site is optimized with the Yoast SEO plugin v27.4 - https:\/\/yoast.com\/product\/yoast-seo-wordpress\/ -->\n<title>Baryte &quot;Belted&quot; Orange Wulfenite<\/title>\n<meta name=\"description\" content=\"Le Cristal Lig\u00e9rien, boutique de Min\u00e9raux de collection Fran\u00e7ais et du monde entier. Les petits comme les gros budgets trouveront ici leurs tr\u00e9sors.\" \/>\n<meta name=\"robots\" content=\"index, follow, max-snippet:-1, max-image-preview:large, max-video-preview:-1\" \/>\n<link rel=\"canonical\" href=\"https:\/\/la-pe-pite-de-big-or.fr\/en\/produit\/wulfenite-orange-ceinturee-de-baryte\/\" \/>\n<meta property=\"og:locale\" content=\"en_GB\" \/>\n<meta property=\"og:locale:alternate\" content=\"fr_FR\" \/>\n<meta property=\"og:type\" content=\"article\" \/>\n<meta property=\"og:title\" content=\"Baryte &quot;Belted&quot; Orange Wulfenite\" \/>\n<meta property=\"og:description\" content=\"Le Cristal Lig\u00e9rien, boutique de Min\u00e9raux de collection Fran\u00e7ais et du monde entier. Les petits comme les gros budgets trouveront ici leurs tr\u00e9sors.\" \/>\n<meta property=\"og:url\" content=\"https:\/\/la-pe-pite-de-big-or.fr\/en\/product\/wulfenite-orange-ceinturee-de-baryte\/\" \/>\n<meta property=\"og:site_name\" content=\"La P\u00e9-Pite de Big&#039;Or\" \/>\n<meta property=\"article:publisher\" content=\"https:\/\/www.facebook.com\/lecristalligerien\" \/>\n<meta property=\"article:modified_time\" content=\"2023-05-08T23:47:55+00:00\" \/>\n<meta property=\"og:image\" content=\"https:\/\/la-pe-pite-de-big-or.fr\/wp-content\/uploads\/2020\/10\/20201002_121810-scaled.jpg\" \/>\n\t<meta property=\"og:image:width\" content=\"2560\" \/>\n\t<meta property=\"og:image:height\" content=\"1440\" \/>\n\t<meta property=\"og:image:type\" content=\"image\/jpeg\" \/>\n<meta name=\"twitter:card\" content=\"summary_large_image\" \/>\n<meta name=\"twitter:label1\" content=\"Estimated reading time\" \/>\n\t<meta name=\"twitter:data1\" content=\"1 minute\" \/>\n<script type=\"application\/ld+json\" class=\"yoast-schema-graph\">{\"@context\":\"https:\\\/\\\/schema.org\",\"@graph\":[{\"@type\":\"WebPage\",\"@id\":\"https:\\\/\\\/la-pe-pite-de-big-or.fr\\\/produit\\\/wulfenite-orange-ceinturee-de-baryte\\\/\",\"url\":\"https:\\\/\\\/la-pe-pite-de-big-or.fr\\\/produit\\\/wulfenite-orange-ceinturee-de-baryte\\\/\",\"name\":\"Baryte \\\"Belted\\\" Orange Wulfenite\",\"isPartOf\":{\"@id\":\"https:\\\/\\\/la-pe-pite-de-big-or.fr\\\/#website\"},\"primaryImageOfPage\":{\"@id\":\"https:\\\/\\\/la-pe-pite-de-big-or.fr\\\/produit\\\/wulfenite-orange-ceinturee-de-baryte\\\/#primaryimage\"},\"image\":{\"@id\":\"https:\\\/\\\/la-pe-pite-de-big-or.fr\\\/produit\\\/wulfenite-orange-ceinturee-de-baryte\\\/#primaryimage\"},\"thumbnailUrl\":\"https:\\\/\\\/la-pe-pite-de-big-or.fr\\\/wp-content\\\/uploads\\\/2020\\\/10\\\/20201002_121810-scaled.jpg\",\"datePublished\":\"2020-10-12T11:49:34+00:00\",\"dateModified\":\"2023-05-08T23:47:55+00:00\",\"description\":\"Le Cristal Lig\u00e9rien, boutique de Min\u00e9raux de collection Fran\u00e7ais et du monde entier. Les petits comme les gros budgets trouveront ici leurs tr\u00e9sors.\",\"breadcrumb\":{\"@id\":\"https:\\\/\\\/la-pe-pite-de-big-or.fr\\\/produit\\\/wulfenite-orange-ceinturee-de-baryte\\\/#breadcrumb\"},\"inLanguage\":\"en-GB\",\"potentialAction\":[{\"@type\":\"ReadAction\",\"target\":[\"https:\\\/\\\/la-pe-pite-de-big-or.fr\\\/produit\\\/wulfenite-orange-ceinturee-de-baryte\\\/\"]}]},{\"@type\":\"ImageObject\",\"inLanguage\":\"en-GB\",\"@id\":\"https:\\\/\\\/la-pe-pite-de-big-or.fr\\\/produit\\\/wulfenite-orange-ceinturee-de-baryte\\\/#primaryimage\",\"url\":\"https:\\\/\\\/la-pe-pite-de-big-or.fr\\\/wp-content\\\/uploads\\\/2020\\\/10\\\/20201002_121810-scaled.jpg\",\"contentUrl\":\"https:\\\/\\\/la-pe-pite-de-big-or.fr\\\/wp-content\\\/uploads\\\/2020\\\/10\\\/20201002_121810-scaled.jpg\",\"width\":2560,\"height\":1440},{\"@type\":\"BreadcrumbList\",\"@id\":\"https:\\\/\\\/la-pe-pite-de-big-or.fr\\\/produit\\\/wulfenite-orange-ceinturee-de-baryte\\\/#breadcrumb\",\"itemListElement\":[{\"@type\":\"ListItem\",\"position\":1,\"name\":\"Accueil\",\"item\":\"https:\\\/\\\/la-pe-pite-de-big-or.fr\\\/\"},{\"@type\":\"ListItem\",\"position\":2,\"name\":\"Boutique\",\"item\":\"https:\\\/\\\/la-pe-pite-de-big-or.fr\\\/boutique\\\/\"},{\"@type\":\"ListItem\",\"position\":3,\"name\":\"Wulf\u00e9nite Orange &#8220;ceintur\u00e9e&#8221; de Baryte\"}]},{\"@type\":\"WebSite\",\"@id\":\"https:\\\/\\\/la-pe-pite-de-big-or.fr\\\/#website\",\"url\":\"https:\\\/\\\/la-pe-pite-de-big-or.fr\\\/\",\"name\":\"La P\u00e9-Pite de Big'Or\",\"description\":\"Quality mineralogy for everyone !\",\"publisher\":{\"@id\":\"https:\\\/\\\/la-pe-pite-de-big-or.fr\\\/#organization\"},\"potentialAction\":[{\"@type\":\"SearchAction\",\"target\":{\"@type\":\"EntryPoint\",\"urlTemplate\":\"https:\\\/\\\/la-pe-pite-de-big-or.fr\\\/?s={search_term_string}\"},\"query-input\":{\"@type\":\"PropertyValueSpecification\",\"valueRequired\":true,\"valueName\":\"search_term_string\"}}],\"inLanguage\":\"en-GB\"},{\"@type\":\"Organization\",\"@id\":\"https:\\\/\\\/la-pe-pite-de-big-or.fr\\\/#organization\",\"name\":\"Le Cristal Lig\u00e9rien\",\"url\":\"https:\\\/\\\/la-pe-pite-de-big-or.fr\\\/\",\"logo\":{\"@type\":\"ImageObject\",\"inLanguage\":\"en-GB\",\"@id\":\"https:\\\/\\\/la-pe-pite-de-big-or.fr\\\/#\\\/schema\\\/logo\\\/image\\\/\",\"url\":\"https:\\\/\\\/la-pe-pite-de-big-or.fr\\\/wp-content\\\/uploads\\\/2020\\\/10\\\/1-e1602017113481.png\",\"contentUrl\":\"https:\\\/\\\/la-pe-pite-de-big-or.fr\\\/wp-content\\\/uploads\\\/2020\\\/10\\\/1-e1602017113481.png\",\"width\":1444,\"height\":938,\"caption\":\"Le Cristal Lig\u00e9rien\"},\"image\":{\"@id\":\"https:\\\/\\\/la-pe-pite-de-big-or.fr\\\/#\\\/schema\\\/logo\\\/image\\\/\"},\"sameAs\":[\"https:\\\/\\\/www.facebook.com\\\/lecristalligerien\"]}]}<\/script>\n<!-- \/ Yoast SEO plugin. -->","yoast_head_json":{"title":"Baryte \"Belted\" Orange Wulfenite","description":"Le Cristal Lig\u00e9rien, boutique de Min\u00e9raux de collection Fran\u00e7ais et du monde entier. Les petits comme les gros budgets trouveront ici leurs tr\u00e9sors.","robots":{"index":"index","follow":"follow","max-snippet":"max-snippet:-1","max-image-preview":"max-image-preview:large","max-video-preview":"max-video-preview:-1"},"canonical":"https:\/\/la-pe-pite-de-big-or.fr\/en\/produit\/wulfenite-orange-ceinturee-de-baryte\/","og_locale":"en_GB","og_type":"article","og_title":"[:fr]Wulf\u00e9nite Orange \"ceintur\u00e9e\" de Baryte[:en]Baryte \"Belted\" Orange Wulfenite[:] - La P\u00e9-Pite de Big'Or","og_description":"Le Cristal Lig\u00e9rien, boutique de Min\u00e9raux de collection Fran\u00e7ais et du monde entier. Les petits comme les gros budgets trouveront ici leurs tr\u00e9sors.","og_url":"https:\/\/la-pe-pite-de-big-or.fr\/en\/product\/wulfenite-orange-ceinturee-de-baryte\/","og_site_name":"La P\u00e9-Pite de Big'Or","article_publisher":"https:\/\/www.facebook.com\/lecristalligerien","article_modified_time":"2023-05-08T23:47:55+00:00","og_image":[{"width":2560,"height":1440,"url":"https:\/\/la-pe-pite-de-big-or.fr\/wp-content\/uploads\/2020\/10\/20201002_121810-scaled.jpg","type":"image\/jpeg"}],"twitter_card":"summary_large_image","twitter_misc":{"Estimated reading time":"1 minute"},"schema":{"@context":"https:\/\/schema.org","@graph":[{"@type":"WebPage","@id":"https:\/\/la-pe-pite-de-big-or.fr\/produit\/wulfenite-orange-ceinturee-de-baryte\/","url":"https:\/\/la-pe-pite-de-big-or.fr\/produit\/wulfenite-orange-ceinturee-de-baryte\/","name":"Baryte \"Belted\" Orange Wulfenite","isPartOf":{"@id":"https:\/\/la-pe-pite-de-big-or.fr\/#website"},"primaryImageOfPage":{"@id":"https:\/\/la-pe-pite-de-big-or.fr\/produit\/wulfenite-orange-ceinturee-de-baryte\/#primaryimage"},"image":{"@id":"https:\/\/la-pe-pite-de-big-or.fr\/produit\/wulfenite-orange-ceinturee-de-baryte\/#primaryimage"},"thumbnailUrl":"https:\/\/la-pe-pite-de-big-or.fr\/wp-content\/uploads\/2020\/10\/20201002_121810-scaled.jpg","datePublished":"2020-10-12T11:49:34+00:00","dateModified":"2023-05-08T23:47:55+00:00","description":"Le Cristal Lig\u00e9rien, boutique de Min\u00e9raux de collection Fran\u00e7ais et du monde entier. Les petits comme les gros budgets trouveront ici leurs tr\u00e9sors.","breadcrumb":{"@id":"https:\/\/la-pe-pite-de-big-or.fr\/produit\/wulfenite-orange-ceinturee-de-baryte\/#breadcrumb"},"inLanguage":"en-GB","potentialAction":[{"@type":"ReadAction","target":["https:\/\/la-pe-pite-de-big-or.fr\/produit\/wulfenite-orange-ceinturee-de-baryte\/"]}]},{"@type":"ImageObject","inLanguage":"en-GB","@id":"https:\/\/la-pe-pite-de-big-or.fr\/produit\/wulfenite-orange-ceinturee-de-baryte\/#primaryimage","url":"https:\/\/la-pe-pite-de-big-or.fr\/wp-content\/uploads\/2020\/10\/20201002_121810-scaled.jpg","contentUrl":"https:\/\/la-pe-pite-de-big-or.fr\/wp-content\/uploads\/2020\/10\/20201002_121810-scaled.jpg","width":2560,"height":1440},{"@type":"BreadcrumbList","@id":"https:\/\/la-pe-pite-de-big-or.fr\/produit\/wulfenite-orange-ceinturee-de-baryte\/#breadcrumb","itemListElement":[{"@type":"ListItem","position":1,"name":"Accueil","item":"https:\/\/la-pe-pite-de-big-or.fr\/"},{"@type":"ListItem","position":2,"name":"Boutique","item":"https:\/\/la-pe-pite-de-big-or.fr\/boutique\/"},{"@type":"ListItem","position":3,"name":"Wulf\u00e9nite Orange &#8220;ceintur\u00e9e&#8221; de Baryte"}]},{"@type":"WebSite","@id":"https:\/\/la-pe-pite-de-big-or.fr\/#website","url":"https:\/\/la-pe-pite-de-big-or.fr\/","name":"La P\u00e9-Pite de Big'Or","description":"Quality mineralogy for everyone !","publisher":{"@id":"https:\/\/la-pe-pite-de-big-or.fr\/#organization"},"potentialAction":[{"@type":"SearchAction","target":{"@type":"EntryPoint","urlTemplate":"https:\/\/la-pe-pite-de-big-or.fr\/?s={search_term_string}"},"query-input":{"@type":"PropertyValueSpecification","valueRequired":true,"valueName":"search_term_string"}}],"inLanguage":"en-GB"},{"@type":"Organization","@id":"https:\/\/la-pe-pite-de-big-or.fr\/#organization","name":"Le Cristal Lig\u00e9rien","url":"https:\/\/la-pe-pite-de-big-or.fr\/","logo":{"@type":"ImageObject","inLanguage":"en-GB","@id":"https:\/\/la-pe-pite-de-big-or.fr\/#\/schema\/logo\/image\/","url":"https:\/\/la-pe-pite-de-big-or.fr\/wp-content\/uploads\/2020\/10\/1-e1602017113481.png","contentUrl":"https:\/\/la-pe-pite-de-big-or.fr\/wp-content\/uploads\/2020\/10\/1-e1602017113481.png","width":1444,"height":938,"caption":"Le Cristal Lig\u00e9rien"},"image":{"@id":"https:\/\/la-pe-pite-de-big-or.fr\/#\/schema\/logo\/image\/"},"sameAs":["https:\/\/www.facebook.com\/lecristalligerien"]}]}},"jetpack_sharing_enabled":true,"_links":{"self":[{"href":"https:\/\/la-pe-pite-de-big-or.fr\/en\/wp-json\/wp\/v2\/product\/439","targetHints":{"allow":["GET"]}}],"collection":[{"href":"https:\/\/la-pe-pite-de-big-or.fr\/en\/wp-json\/wp\/v2\/product"}],"about":[{"href":"https:\/\/la-pe-pite-de-big-or.fr\/en\/wp-json\/wp\/v2\/types\/product"}],"wp:featuredmedia":[{"embeddable":true,"href":"https:\/\/la-pe-pite-de-big-or.fr\/en\/wp-json\/wp\/v2\/media\/448"}],"wp:attachment":[{"href":"https:\/\/la-pe-pite-de-big-or.fr\/en\/wp-json\/wp\/v2\/media?parent=439"}],"wp:term":[{"taxonomy":"product_brand","embeddable":true,"href":"https:\/\/la-pe-pite-de-big-or.fr\/en\/wp-json\/wp\/v2\/product_brand?post=439"},{"taxonomy":"product_cat","embeddable":true,"href":"https:\/\/la-pe-pite-de-big-or.fr\/en\/wp-json\/wp\/v2\/product_cat?post=439"},{"taxonomy":"product_tag","embeddable":true,"href":"https:\/\/la-pe-pite-de-big-or.fr\/en\/wp-json\/wp\/v2\/product_tag?post=439"}],"curies":[{"name":"wp","href":"https:\/\/api.w.org\/{rel}","templated":true}]}}